{"id":12,"date":"2025-01-23T18:24:50","date_gmt":"2025-01-23T17:24:50","guid":{"rendered":"https:\/\/stiroton.com\/terms-of-service\/"},"modified":"2025-02-23T14:46:42","modified_gmt":"2025-02-23T13:46:42","slug":"terms-of-service","status":"publish","type":"page","link":"https:\/\/stiroton.com\/de\/terms-of-service\/","title":{"rendered":"Gesch\u00e4ftsbedingungen"},"content":{"rendered":"<p><strong>STIROTON Allgemeine Gesch\u00e4ftsbedingungen<\/strong><\/p>\n\n\n\n<p><strong>Gesch\u00e4ftsbedingungen<\/strong><br>Zuletzt aktualisiert: 23. Februar 2025.<\/p>\n\n\n\n<p>Bitte lesen Sie diese Gesch\u00e4ftsbedingungen sorgf\u00e4ltig durch, bevor Sie unseren Service nutzen.<\/p>\n\n\n\n<p><strong>Interpretation und Definitionen<\/strong><br><em>Interpretation<\/em><br>W\u00f6rter, deren erster Buchstabe gro\u00df geschrieben ist, haben unter den folgenden Bedingungen definierte Bedeutungen. Die folgenden Definitionen haben unabh\u00e4ngig davon, ob sie im Singular oder Plural erscheinen, die gleiche Bedeutung.<\/p>\n\n\n\n<p><strong>Definitionen<\/strong><br>Im Sinne dieser Allgemeinen Gesch\u00e4ftsbedingungen:<\/p>\n\n\n\n<ul class=\"wp-block-list\">\n<li><em>Verbundenes Unternehmen<\/em> bezeichnet eine Einheit, die eine Partei kontrolliert, von einer Partei kontrolliert wird oder mit einer Partei unter gemeinsamer Kontrolle steht, wobei \u201eKontrolle\u201c den Besitz von 50% oder mehr Aktien, Beteiligungen oder anderen Wertpapieren mit Stimmrecht bei der Wahl von Direktoren oder anderen Leitungsgremien bedeutet.<\/li>\n\n\n\n<li><em>Zustand<\/em> bezieht sich auf: Kroatien.<\/li>\n\n\n\n<li><em>Gesellschaft<\/em> (in dieser Vereinbarung als \u201eUnternehmen\u201c, \u201eWir\u201c, \u201eUns\u201c oder \u201eUnser\u201c bezeichnet) bezieht sich auf Litty Studio jdoo, Priles 2a, Ludbreg, Kroatien.<\/li>\n\n\n\n<li><em>Ger\u00e4t<\/em> bezeichnet jedes Ger\u00e4t, das auf den Dienst zugreifen kann, beispielsweise ein Computer, ein Mobiltelefon oder ein Tablet.<\/li>\n\n\n\n<li><em>Service<\/em> verweist auf die Website.<\/li>\n\n\n\n<li><em>Gesch\u00e4ftsbedingungen<\/em> (auch als \u201eBedingungen\u201c bezeichnet) stellen die vollst\u00e4ndige Vereinbarung zwischen Ihnen und dem Unternehmen bez\u00fcglich Ihrer Nutzung des Dienstes dar. Diese Allgemeinen Gesch\u00e4ftsbedingungen wurden mithilfe eines kostenlosen Allgemeinen Gesch\u00e4ftsbedingungen-Generators erstellt.<\/li>\n\n\n\n<li><em>Social-Media-Dienst eines Drittanbieters<\/em> bezieht sich auf alle von Dritten bereitgestellten Dienste oder Inhalte (einschlie\u00dflich Daten, Informationen, Produkte oder Dienste), die \u00fcber den Dienst angezeigt, enthalten oder zug\u00e4nglich sein k\u00f6nnen.<\/li>\n\n\n\n<li><em>Webseite<\/em> bezieht sich auf STIROTON, erh\u00e4ltlich bei <a>https:\/\/stiroton.com\/<\/a>.<\/li>\n\n\n\n<li><em>Du<\/em> bezeichnet eine Einzelperson, die auf den Dienst zugreift oder ihn nutzt, bzw. die juristische Person, in deren Namen diese Einzelperson auf den Dienst zugreift oder ihn nutzt, je nachdem, was zutrifft.<\/li>\n<\/ul>\n\n\n\n<p><strong>Annahme<\/strong><br>Diese Gesch\u00e4ftsbedingungen regeln die Nutzung dieses Dienstes und stellen eine Vereinbarung zwischen Ihnen und dem Unternehmen dar. Diese Allgemeinen Gesch\u00e4ftsbedingungen legen die Rechte und Pflichten aller Benutzer in Bezug auf die Nutzung des Dienstes fest.<\/p>\n\n\n\n<p>Ihr Zugriff auf den Dienst und seine Nutzung h\u00e4ngen von Ihrer Annahme und Einhaltung dieser Gesch\u00e4ftsbedingungen ab. Diese Allgemeinen Gesch\u00e4ftsbedingungen gelten f\u00fcr alle Besucher, Benutzer und andere Personen, die auf den Dienst zugreifen oder ihn nutzen.<\/p>\n\n\n\n<p>Indem Sie auf den Dienst zugreifen oder ihn verwenden, erkl\u00e4ren Sie sich mit diesen Allgemeinen Gesch\u00e4ftsbedingungen einverstanden. Wenn Sie mit irgendeinem Teil dieser Allgemeinen Gesch\u00e4ftsbedingungen nicht einverstanden sind, d\u00fcrfen Sie nicht auf den Dienst zugreifen.<\/p>\n\n\n\n<p>Sie erkl\u00e4ren, dass Sie \u00fcber 18 Jahre alt sind. Das Unternehmen gestattet Personen unter 18 Jahren nicht, den Dienst zu nutzen.<\/p>\n\n\n\n<p>Ihr Zugriff auf den Dienst und dessen Nutzung h\u00e4ngen au\u00dferdem davon ab, dass Sie die Datenschutzrichtlinie des Unternehmens akzeptieren und einhalten. Unsere Datenschutzrichtlinie beschreibt unsere Richtlinien und Verfahren bez\u00fcglich der Erfassung, Verwendung und Offenlegung Ihrer pers\u00f6nlichen Daten bei Verwendung der Anwendung oder Website und informiert Sie \u00fcber Ihre Datenschutzrechte und dar\u00fcber, wie das Gesetz Sie sch\u00fctzt. Bitte lesen Sie unsere Datenschutzrichtlinie sorgf\u00e4ltig durch, bevor Sie unseren Service nutzen.<\/p>\n\n\n\n<p><strong>Links zu anderen Websites<\/strong><br>Unser Service kann Links zu Websites oder Diensten Dritter enthalten, die nicht Eigentum des Unternehmens sind oder von diesem kontrolliert werden.<\/p>\n\n\n\n<p>Das Unternehmen hat keine Kontrolle \u00fcber den Inhalt, die Datenschutzrichtlinien oder die Praktiken von Websites oder Diensten Dritter und \u00fcbernimmt daf\u00fcr keine Verantwortung. Sie erkennen weiterhin an und erkl\u00e4ren sich damit einverstanden, dass das Unternehmen weder direkt noch indirekt f\u00fcr Sch\u00e4den oder Verluste verantwortlich oder haftbar ist, die durch die Nutzung oder das Vertrauen auf solche Inhalte, Waren oder Dienstleistungen, die auf solchen Websites oder Diensten verf\u00fcgbar sind, verursacht wurden oder angeblich verursacht wurden.<\/p>\n\n\n\n<p>Wir empfehlen Ihnen, die Allgemeinen Gesch\u00e4ftsbedingungen und Datenschutzrichtlinien aller von Ihnen besuchten Websites oder Dienste Dritter zu lesen.<\/p>\n\n\n\n<p><strong>Beendigung der Nutzung<\/strong><br>Wir k\u00f6nnen Ihren Zugang aus beliebigen Gr\u00fcnden, insbesondere bei Versto\u00df Ihrerseits gegen diese Allgemeinen Gesch\u00e4ftsbedingungen, sofort und ohne Vorank\u00fcndigung oder Haftung beenden oder sperren.<\/p>\n\n\n\n<p>Mit der K\u00fcndigung erlischt Ihr Recht zur Nutzung des Dienstes sofort.<\/p>\n\n\n\n<p>(&#8230;)<\/p>\n\n\n\n<p><strong>Kontaktieren Sie uns<\/strong><br>Wenn Sie Fragen zu diesen Allgemeinen Gesch\u00e4ftsbedingungen haben, k\u00f6nnen Sie uns wie folgt kontaktieren:<\/p>\n\n\n\n<p>Per E-Mail: <a>info@stiroton.com<\/a><\/p>","protected":false},"excerpt":{"rendered":"<p>Uvjeti i odredbe za STIROTON Uvjeti i odredbeZadnje a\u017euriranje: 23. velja\u010de 2025. Molimo vas da pa\u017eljivo pro\u010ditate ove uvjete i odredbe prije kori\u0161tenja na\u0161e usluge.&hellip;<\/p>","protected":false},"author":1,"featured_media":0,"parent":0,"menu_order":29,"comment_status":"closed","ping_status":"closed","template":"","meta":{"footnotes":""},"class_list":["post-12","page","type-page","status-publish","hentry"],"acf":[],"_links":{"self":[{"href":"https:\/\/stiroton.com\/de\/wp-json\/wp\/v2\/pages\/12","targetHints":{"allow":["GET"]}}],"collection":[{"href":"https:\/\/stiroton.com\/de\/wp-json\/wp\/v2\/pages"}],"about":[{"href":"https:\/\/stiroton.com\/de\/wp-json\/wp\/v2\/types\/page"}],"author":[{"embeddable":true,"href":"https:\/\/stiroton.com\/de\/wp-json\/wp\/v2\/users\/1"}],"replies":[{"embeddable":true,"href":"https:\/\/stiroton.com\/de\/wp-json\/wp\/v2\/comments?post=12"}],"version-history":[{"count":0,"href":"https:\/\/stiroton.com\/de\/wp-json\/wp\/v2\/pages\/12\/revisions"}],"wp:attachment":[{"href":"https:\/\/stiroton.com\/de\/wp-json\/wp\/v2\/media?parent=12"}],"curies":[{"name":"wp","href":"https:\/\/api.w.org\/{rel}","templated":true}]}}