{"id":412,"date":"2025-02-26T08:49:17","date_gmt":"2025-02-26T07:49:17","guid":{"rendered":"https:\/\/stiroton.com\/all-listings\/"},"modified":"2025-09-04T09:26:48","modified_gmt":"2025-09-04T07:26:48","slug":"projekti","status":"publish","type":"page","link":"https:\/\/stiroton.com\/de\/projekti\/","title":{"rendered":"Anwendung"},"content":{"rendered":"<div data-elementor-type=\"wp-page\" data-elementor-id=\"412\" class=\"elementor elementor-412\" data-elementor-post-type=\"page\">\n\t\t\t\t<div class=\"elementor-element elementor-element-d6027af e-flex e-con-boxed e-con e-parent\" data-id=\"d6027af\" data-element_type=\"container\">\n\t\t\t\t\t<div class=\"e-con-inner\">\n\t\t\t\t<div class=\"elementor-element elementor-element-f4221c9 elementor-widget elementor-widget-directorist_all_categories\" data-id=\"f4221c9\" data-element_type=\"widget\" data-widget_type=\"directorist_all_categories.default\">\n\t\t\t\t<div class=\"elementor-widget-container\">\n\t\t\t\t\t\n<div id=\"directorist\" class=\"atbd_wrapper directorist-w-100\">\n    <div class=\"directorist-container-fluid\">\n        <div class=\"directorist-categories\" data-attrs=\"{&quot;view&quot;:&quot;grid&quot;,&quot;orderby&quot;:&quot;count&quot;,&quot;order&quot;:&quot;desc&quot;,&quot;cat_per_page&quot;:12,&quot;loc_per_page&quot;:100,&quot;columns&quot;:&quot;3&quot;,&quot;slug&quot;:&quot;&quot;,&quot;logged_in_user_only&quot;:&quot;no&quot;,&quot;redirect_page_url&quot;:&quot;&quot;,&quot;directory_type&quot;:&quot;&quot;,&quot;default_directory_type&quot;:&quot;izvedba&quot;,&quot;type&quot;:&quot;category&quot;}\">\n                                        <div class=\"directorist-row taxonomy-category-wrapper\">\n                                            <div class=\"directorist-col-4\">\n                            <div class=\"directorist-categories__single directorist-categories__single--style-one\" style=\"background-image: url('none')\">\n                                <div class=\"directorist-categories__single__content\">\n                                                                            <div class=\"directorist-categories__single__icon\">\n                                            <i class=\"directorist-icon-mask\" aria-hidden=\"true\" style=\"--directorist-icon: url(https:\/\/stiroton.com\/wp-content\/plugins\/directorist\/assets\/icons\/font-awesome\/svgs\/solid\/lightbulb.svg)\"><\/i>                                        <\/div>\n                                                                        <a href=\"https:\/\/stiroton.com\/de\/single-category\/arhitektonske-vizije\/?directory_type=izvedba\" class=\"directorist-categories__single__name\">\n                                        Architektonische Visionen                                    <\/a>\n                                                                    <\/div>\n                            <\/div>\n                        <\/div>\n                                            <div class=\"directorist-col-4\">\n                            <div class=\"directorist-categories__single directorist-categories__single--style-one\" style=\"background-image: url('none')\">\n                                <div class=\"directorist-categories__single__content\">\n                                                                            <div class=\"directorist-categories__single__icon\">\n                                            <i class=\"directorist-icon-mask\" aria-hidden=\"true\" style=\"--directorist-icon: url(https:\/\/stiroton.com\/wp-content\/plugins\/directorist\/assets\/icons\/font-awesome\/svgs\/regular\/building.svg)\"><\/i>                                        <\/div>\n                                                                        <a href=\"https:\/\/stiroton.com\/de\/single-category\/fasadni-elementi\/?directory_type=izvedba\" class=\"directorist-categories__single__name\">\n                                        Fassadenelemente                                    <\/a>\n                                                                    <\/div>\n                            <\/div>\n                        <\/div>\n                                            <div class=\"directorist-col-4\">\n                            <div class=\"directorist-categories__single directorist-categories__single--style-one\" style=\"background-image: url('none')\">\n                                <div class=\"directorist-categories__single__content\">\n                                                                            <div class=\"directorist-categories__single__icon\">\n                                            <i class=\"directorist-icon-mask\" aria-hidden=\"true\" style=\"--directorist-icon: url(https:\/\/stiroton.com\/wp-content\/plugins\/directorist\/assets\/icons\/font-awesome\/svgs\/solid\/mountain.svg)\"><\/i>                                        <\/div>\n                                                                        <a href=\"https:\/\/stiroton.com\/de\/single-category\/umjetne-stijene\/?directory_type=izvedba\" class=\"directorist-categories__single__name\">\n                                        K\u00fcnstliche Felsen                                    <\/a>\n                                                                    <\/div>\n                            <\/div>\n                        <\/div>\n                                            <div class=\"directorist-col-4\">\n                            <div class=\"directorist-categories__single directorist-categories__single--style-one\" style=\"background-image: url('none')\">\n                                <div class=\"directorist-categories__single__content\">\n                                                                            <div class=\"directorist-categories__single__icon\">\n                                            <i class=\"directorist-icon-mask\" aria-hidden=\"true\" style=\"--directorist-icon: url(https:\/\/stiroton.com\/wp-content\/plugins\/directorist\/assets\/icons\/font-awesome\/svgs\/solid\/rainbow.svg)\"><\/i>                                        <\/div>\n                                                                        <a href=\"https:\/\/stiroton.com\/de\/single-category\/paviljoni\/?directory_type=izvedba\" class=\"directorist-categories__single__name\">\n                                        Pavillons                                    <\/a>\n                                                                    <\/div>\n                            <\/div>\n                        <\/div>\n                                            <div class=\"directorist-col-4\">\n                            <div class=\"directorist-categories__single directorist-categories__single--style-one\" style=\"background-image: url('none')\">\n                                <div class=\"directorist-categories__single__content\">\n                                                                            <div class=\"directorist-categories__single__icon\">\n                                            <i class=\"directorist-icon-mask\" aria-hidden=\"true\" style=\"--directorist-icon: url(https:\/\/stiroton.com\/wp-content\/plugins\/directorist\/assets\/icons\/font-awesome\/svgs\/solid\/shapes.svg)\"><\/i>                                        <\/div>\n                                                                        <a href=\"https:\/\/stiroton.com\/de\/single-category\/interijeri\/?directory_type=izvedba\" class=\"directorist-categories__single__name\">\n                                        Innenr\u00e4ume                                    <\/a>\n                                                                    <\/div>\n                            <\/div>\n                        <\/div>\n                                            <div class=\"directorist-col-4\">\n                            <div class=\"directorist-categories__single directorist-categories__single--style-one\" style=\"background-image: url('none')\">\n                                <div class=\"directorist-categories__single__content\">\n                                                                            <div class=\"directorist-categories__single__icon\">\n                                            <i class=\"directorist-icon-mask\" aria-hidden=\"true\" style=\"--directorist-icon: url(https:\/\/stiroton.com\/wp-content\/plugins\/directorist\/assets\/icons\/font-awesome\/svgs\/solid\/city.svg)\"><\/i>                                        <\/div>\n                                                                        <a href=\"https:\/\/stiroton.com\/de\/single-category\/pravokutne-zgrade\/?directory_type=izvedba\" class=\"directorist-categories__single__name\">\n                                        Rechteckige Geb\u00e4ude                                    <\/a>\n                                                                    <\/div>\n                            <\/div>\n                        <\/div>\n                                            <div class=\"directorist-col-4\">\n                            <div class=\"directorist-categories__single directorist-categories__single--style-one\" style=\"background-image: url('none')\">\n                                <div class=\"directorist-categories__single__content\">\n                                                                            <div class=\"directorist-categories__single__icon\">\n                                            <i class=\"directorist-icon-mask\" aria-hidden=\"true\" style=\"--directorist-icon: url(https:\/\/stiroton.com\/wp-content\/plugins\/directorist\/assets\/icons\/font-awesome\/svgs\/solid\/rss.svg)\"><\/i>                                        <\/div>\n                                                                        <a href=\"https:\/\/stiroton.com\/de\/single-category\/podzemni-objekti\/?directory_type=izvedba\" class=\"directorist-categories__single__name\">\n                                        Unterirdische Anlagen                                    <\/a>\n                                                                    <\/div>\n                            <\/div>\n                        <\/div>\n                                            <div class=\"directorist-col-4\">\n                            <div class=\"directorist-categories__single directorist-categories__single--style-one\" style=\"background-image: url('none')\">\n                                <div class=\"directorist-categories__single__content\">\n                                                                            <div class=\"directorist-categories__single__icon\">\n                                            <i class=\"directorist-icon-mask\" aria-hidden=\"true\" style=\"--directorist-icon: url(https:\/\/stiroton.com\/wp-content\/plugins\/directorist\/assets\/icons\/font-awesome\/svgs\/solid\/landmark.svg)\"><\/i>                                        <\/div>\n                                                                        <a href=\"https:\/\/stiroton.com\/de\/single-category\/sajamski-standovi\/?directory_type=izvedba\" class=\"directorist-categories__single__name\">\n                                        Messest\u00e4nde                                    <\/a>\n                                                                    <\/div>\n                            <\/div>\n                        <\/div>\n                                            <div class=\"directorist-col-4\">\n                            <div class=\"directorist-categories__single directorist-categories__single--style-one\" style=\"background-image: url('none')\">\n                                <div class=\"directorist-categories__single__content\">\n                                                                            <div class=\"directorist-categories__single__icon\">\n                                            <i class=\"directorist-icon-mask\" aria-hidden=\"true\" style=\"--directorist-icon: url(https:\/\/stiroton.com\/wp-content\/plugins\/directorist\/assets\/icons\/font-awesome\/svgs\/solid\/water.svg)\"><\/i>                                        <\/div>\n                                                                        <a href=\"https:\/\/stiroton.com\/de\/single-category\/plutajuci-objekti\/?directory_type=izvedba\" class=\"directorist-categories__single__name\">\n                                        Schwebende Objekte                                    <\/a>\n                                                                    <\/div>\n                            <\/div>\n                        <\/div>\n                                            <div class=\"directorist-col-4\">\n                            <div class=\"directorist-categories__single directorist-categories__single--style-one\" style=\"background-image: url('none')\">\n                                <div class=\"directorist-categories__single__content\">\n                                                                            <div class=\"directorist-categories__single__icon\">\n                                            <i class=\"directorist-icon-mask\" aria-hidden=\"true\" style=\"--directorist-icon: url(https:\/\/stiroton.com\/wp-content\/plugins\/directorist\/assets\/icons\/font-awesome\/svgs\/solid\/cubes.svg)\"><\/i>                                        <\/div>\n                                                                        <a href=\"https:\/\/stiroton.com\/de\/single-category\/modularni-objekti\/?directory_type=izvedba\" class=\"directorist-categories__single__name\">\n                                        Modulare Geb\u00e4ude                                    <\/a>\n                                                                    <\/div>\n                            <\/div>\n                        <\/div>\n                                            <div class=\"directorist-col-4\">\n                            <div class=\"directorist-categories__single directorist-categories__single--style-one\" style=\"background-image: url('none')\">\n                                <div class=\"directorist-categories__single__content\">\n                                                                            <div class=\"directorist-categories__single__icon\">\n                                            <i class=\"directorist-icon-mask\" aria-hidden=\"true\" style=\"--directorist-icon: url(https:\/\/stiroton.com\/wp-content\/plugins\/directorist\/assets\/icons\/font-awesome\/svgs\/solid\/igloo.svg)\"><\/i>                                        <\/div>\n                                                                        <a href=\"https:\/\/stiroton.com\/de\/single-category\/zakrivljene-zgrade\/?directory_type=izvedba\" class=\"directorist-categories__single__name\">\n                                        Gebogene Geb\u00e4ude                                    <\/a>\n                                                                    <\/div>\n                            <\/div>\n                        <\/div>\n                                            <div class=\"directorist-col-4\">\n                            <div class=\"directorist-categories__single directorist-categories__single--style-one\" style=\"background-image: url('none')\">\n                                <div class=\"directorist-categories__single__content\">\n                                                                            <div class=\"directorist-categories__single__icon\">\n                                            <i class=\"directorist-icon-mask\" aria-hidden=\"true\" style=\"--directorist-icon: url(https:\/\/stiroton.com\/wp-content\/plugins\/directorist\/assets\/icons\/font-awesome\/svgs\/solid\/chart-pie.svg)\"><\/i>                                        <\/div>\n                                                                        <a href=\"https:\/\/stiroton.com\/de\/single-category\/dodaci-gradevinama\/?directory_type=izvedba\" class=\"directorist-categories__single__name\">\n                                        Geb\u00e4udeerweiterungen                                    <\/a>\n                                                                    <\/div>\n                            <\/div>\n                        <\/div>\n                                        \n        <div class=\"directorist-col-12\">\n            <nav class=\"directorist-pagination\">\n                <span aria-current=\"page\" class=\"page-numbers current\">1<\/span><a data-page=\"2\" class=\"page-numbers\" href=\"https:\/\/stiroton.com\/de\/wp-json\/wp\/v2\/pages\/412\/page\/2\/\">2<\/a><a data-page=\"2\" class=\"next page-numbers\" href=\"https:\/\/stiroton.com\/de\/wp-json\/wp\/v2\/pages\/412\/page\/2\/\"><i class=\"directorist-icon-mask\" aria-hidden=\"true\" style=\"--directorist-icon: url(https:\/\/stiroton.com\/wp-content\/plugins\/directorist\/assets\/icons\/font-awesome\/svgs\/solid\/chevron-right.svg)\"><\/i><\/a>            <\/div>\n        <\/nav>\n\n                        <\/div>\n                    <\/div>\n    <\/div>\n<\/div>\n\n\t\t\t\t<\/div>\n\t\t\t\t<\/div>\n\t\t\t\t\t<\/div>\n\t\t\t\t<\/div>\n\t\t\t\t<\/div>","protected":false},"excerpt":{"rendered":"<p>Primjena Primjena Arhitektonske Vizije Pravokutne Zgrade Podzemni Objekti Plutaju\u0107i Objekti Fasadni Elementi Modularni Objekti Zakrivljene Zgrade Dodaci Gra\u0111evinama Bazeni Umjetni\u010dke Instalacije Paviljoni Interijeri<\/p>","protected":false},"author":1,"featured_media":0,"parent":0,"menu_order":1,"comment_status":"closed","ping_status":"closed","template":"elementor_header_footer","meta":{"footnotes":""},"class_list":["post-412","page","type-page","status-publish","hentry"],"acf":[],"_links":{"self":[{"href":"https:\/\/stiroton.com\/de\/wp-json\/wp\/v2\/pages\/412","targetHints":{"allow":["GET"]}}],"collection":[{"href":"https:\/\/stiroton.com\/de\/wp-json\/wp\/v2\/pages"}],"about":[{"href":"https:\/\/stiroton.com\/de\/wp-json\/wp\/v2\/types\/page"}],"author":[{"embeddable":true,"href":"https:\/\/stiroton.com\/de\/wp-json\/wp\/v2\/users\/1"}],"replies":[{"embeddable":true,"href":"https:\/\/stiroton.com\/de\/wp-json\/wp\/v2\/comments?post=412"}],"version-history":[{"count":0,"href":"https:\/\/stiroton.com\/de\/wp-json\/wp\/v2\/pages\/412\/revisions"}],"wp:attachment":[{"href":"https:\/\/stiroton.com\/de\/wp-json\/wp\/v2\/media?parent=412"}],"curies":[{"name":"wp","href":"https:\/\/api.w.org\/{rel}","templated":true}]}}