{"id":539,"date":"2025-03-15T11:17:32","date_gmt":"2025-03-15T10:17:32","guid":{"rendered":"https:\/\/stiroton.com\/?page_id=539"},"modified":"2025-06-20T13:09:42","modified_gmt":"2025-06-20T11:09:42","slug":"proces","status":"publish","type":"page","link":"https:\/\/stiroton.com\/de\/proces\/","title":{"rendered":"Verfahren"},"content":{"rendered":"<div data-elementor-type=\"wp-page\" data-elementor-id=\"539\" class=\"elementor elementor-539\" data-elementor-post-type=\"page\">\n\t\t\t\t<div class=\"elementor-element elementor-element-3df602b e-flex e-con-boxed e-con e-parent\" data-id=\"3df602b\" data-element_type=\"container\">\n\t\t\t\t\t<div class=\"e-con-inner\">\n\t\t\t\t<div class=\"elementor-element elementor-element-7cc3b2c elementor-widget elementor-widget-spacer\" data-id=\"7cc3b2c\" data-element_type=\"widget\" data-widget_type=\"spacer.default\">\n\t\t\t\t<div class=\"elementor-widget-container\">\n\t\t\t\t\t\t\t<div class=\"elementor-spacer\">\n\t\t\t<div class=\"elementor-spacer-inner\"><\/div>\n\t\t<\/div>\n\t\t\t\t\t\t<\/div>\n\t\t\t\t<\/div>\n\t\t\t\t<div class=\"elementor-element elementor-element-1f796a6 elementor-widget elementor-widget-heading\" data-id=\"1f796a6\" data-element_type=\"widget\" data-widget_type=\"heading.default\">\n\t\t\t\t<div class=\"elementor-widget-container\">\n\t\t\t\t\t<h2 class=\"elementor-heading-title elementor-size-default\">Der Prozess des Rohbaus<\/h2>\t\t\t\t<\/div>\n\t\t\t\t<\/div>\n\t\t\t\t<div class=\"elementor-element elementor-element-fac39a0 elementor-widget elementor-widget-spacer\" data-id=\"fac39a0\" data-element_type=\"widget\" data-widget_type=\"spacer.default\">\n\t\t\t\t<div class=\"elementor-widget-container\">\n\t\t\t\t\t\t\t<div class=\"elementor-spacer\">\n\t\t\t<div class=\"elementor-spacer-inner\"><\/div>\n\t\t<\/div>\n\t\t\t\t\t\t<\/div>\n\t\t\t\t<\/div>\n\t\t\t\t<div class=\"elementor-element elementor-element-7f00315 elementor-widget elementor-widget-qi_addons_for_elementor_process\" data-id=\"7f00315\" data-element_type=\"widget\" data-widget_type=\"qi_addons_for_elementor_process.default\">\n\t\t\t\t<div class=\"elementor-widget-container\">\n\t\t\t\t\t<div class=\"qodef-shortcode qodef-m qodef-qi-process qodef-qi--has-appear qodef-qi-grid qodef-layout--qi-columns qodef-col-num--1 qodef-item-layout--vertical qodef-responsive--predefined\">\n\t<div class=\"qodef-grid-inner\">\n\t\t<div class=\"qodef-e qodef-process-item qodef-grid-item elementor-repeater-item-7e2d107\">\n\t<div class=\"qodef-e-inner\">\n\t\t<div class=\"qodef-e-content\">\n\t\t\t<div class=\"qodef-e-icon-holder\">\n\t<div class=\"qodef-e-icon\">\n\t\t\t\t\t<span class=\"qodef-e-item-icon-text\">\n\t\t\t\t1.\t\t\t<\/span>\n\t\t\t<\/div>\n\t<div class=\"qodef-e-line\">\n\t\t<div class=\"qodef-e-line-inner\"><\/div>\n\t<\/div>\n<\/div>\n\t\t\t<div class=\"qodef-e-text-wrapper\">\n\t\t\t\t\t<h5 class=\"qodef-e-title\">\n\t\tWerkstattzeichnungen\t<\/h5>\n\t\t\t\t\t<p class=\"qodef-e-text\">\n\t\tDer Prozess beginnt mit der pr\u00e4zisen Erstellung der Projektdokumentation. Es werden Werkstattzeichnungen angefertigt, die die Geometrie, Bewehrungspositionen, Anschl\u00fcsse und alle technischen Details definieren, die f\u00fcr die Herstellung von Stahlk\u00f6rben und den Einbau von STIROTON-Beton erforderlich sind.\t<\/p>\n\t\t\t<\/div>\n\t\t<\/div>\n\t<\/div>\n<\/div>\n<div class=\"qodef-e qodef-process-item qodef-grid-item elementor-repeater-item-37fc6e6\">\n\t<div class=\"qodef-e-inner\">\n\t\t<div class=\"qodef-e-content\">\n\t\t\t<div class=\"qodef-e-icon-holder\">\n\t<div class=\"qodef-e-icon\">\n\t\t\t\t\t<span class=\"qodef-e-item-icon-text\">\n\t\t\t\t2.\t\t\t<\/span>\n\t\t\t<\/div>\n\t<div class=\"qodef-e-line\">\n\t\t<div class=\"qodef-e-line-inner\"><\/div>\n\t<\/div>\n<\/div>\n\t\t\t<div class=\"qodef-e-text-wrapper\">\n\t\t\t\t\t<h5 class=\"qodef-e-title\">\n\t\tK\u00f6rbe herstellen\t<\/h5>\n\t\t\t\t\t<p class=\"qodef-e-text\">\n\t\tAuf Basis des Bauplans werden unter kontrollierten Bedingungen Stahlk\u00f6rbe gefertigt \u2013 r\u00e4umliche Stahlbetonrahmen, die die tragende Struktur des Geb\u00e4udes bilden. Die K\u00f6rbe definieren das Volumen der zuk\u00fcnftigen W\u00e4nde und erm\u00f6glichen optimale Tragf\u00e4higkeit bei minimalem Konstruktionsgewicht.\t<\/p>\n\t\t\t<\/div>\n\t\t<\/div>\n\t<\/div>\n<\/div>\n<div class=\"qodef-e qodef-process-item qodef-grid-item elementor-repeater-item-668d265\">\n\t<div class=\"qodef-e-inner\">\n\t\t<div class=\"qodef-e-content\">\n\t\t\t<div class=\"qodef-e-icon-holder\">\n\t<div class=\"qodef-e-icon\">\n\t\t\t\t\t<span class=\"qodef-e-item-icon-text\">\n\t\t\t\t3.\t\t\t<\/span>\n\t\t\t<\/div>\n\t<div class=\"qodef-e-line\">\n\t\t<div class=\"qodef-e-line-inner\"><\/div>\n\t<\/div>\n<\/div>\n\t\t\t<div class=\"qodef-e-text-wrapper\">\n\t\t\t\t\t<h5 class=\"qodef-e-title\">\n\t\tFeuerverzinken\t<\/h5>\n\t\t\t\t\t<p class=\"qodef-e-text\">\n\t\tAlle K\u00f6rbe und Verst\u00e4rkungselemente durchlaufen den Feuerverzinkungsprozess, der ihre langfristige Korrosionsbest\u00e4ndigkeit gew\u00e4hrleistet, was besonders in Bereichen mit erh\u00f6hter Luftfeuchtigkeit oder aggressiver Atmosph\u00e4re wichtig ist.\t<\/p>\n\t\t\t<\/div>\n\t\t<\/div>\n\t<\/div>\n<\/div>\n<div class=\"qodef-e qodef-process-item qodef-grid-item elementor-repeater-item-66cad2e\">\n\t<div class=\"qodef-e-inner\">\n\t\t<div class=\"qodef-e-content\">\n\t\t\t<div class=\"qodef-e-icon-holder\">\n\t<div class=\"qodef-e-icon\">\n\t\t\t\t\t<span class=\"qodef-e-item-icon-text\">\n\t\t\t\t4.\t\t\t<\/span>\n\t\t\t<\/div>\n\t<div class=\"qodef-e-line\">\n\t\t<div class=\"qodef-e-line-inner\"><\/div>\n\t<\/div>\n<\/div>\n\t\t\t<div class=\"qodef-e-text-wrapper\">\n\t\t\t\t\t<h5 class=\"qodef-e-title\">\n\t\tTransport und Installation\t<\/h5>\n\t\t\t\t\t<p class=\"qodef-e-text\">\n\t\tFertige Zinkk\u00f6rbe werden zur Baustelle transportiert und auf vorbereiteten Fundamenten montiert. Dank Vorfertigung und Modularit\u00e4t erfolgt die Montage schnell und pr\u00e4zise, mit minimalem Arbeitsaufwand vor Ort.\t<\/p>\n\t\t\t<\/div>\n\t\t<\/div>\n\t<\/div>\n<\/div>\n<div class=\"qodef-e qodef-process-item qodef-grid-item elementor-repeater-item-21c7216\">\n\t<div class=\"qodef-e-inner\">\n\t\t<div class=\"qodef-e-content\">\n\t\t\t<div class=\"qodef-e-icon-holder\">\n\t<div class=\"qodef-e-icon\">\n\t\t\t\t\t<span class=\"qodef-e-item-icon-text\">\n\t\t\t\t5.\t\t\t<\/span>\n\t\t\t<\/div>\n\t<div class=\"qodef-e-line\">\n\t\t<div class=\"qodef-e-line-inner\"><\/div>\n\t<\/div>\n<\/div>\n\t\t\t<div class=\"qodef-e-text-wrapper\">\n\t\t\t\t\t<h5 class=\"qodef-e-title\">\n\t\tInstallation von STIROTON\t<\/h5>\n\t\t\t\t\t<p class=\"qodef-e-text\">\n\t\tIn die platzierten K\u00f6rbe wird STIROTON-Beton gegossen \u2013 ultraleichter EPS-Beton, der die Struktur ausf\u00fcllt, die Bewehrung umh\u00fcllt und nach dem Aush\u00e4rten zu einer festen, isolierenden und tragf\u00e4higen Masse wird. Der Betoniervorgang erfolgt mit einer mobilen Anlage direkt auf der Baustelle.\t<\/p>\n\t\t\t<\/div>\n\t\t<\/div>\n\t<\/div>\n<\/div>\n<div class=\"qodef-e qodef-process-item qodef-grid-item elementor-repeater-item-31e2080\">\n\t<div class=\"qodef-e-inner\">\n\t\t<div class=\"qodef-e-content\">\n\t\t\t<div class=\"qodef-e-icon-holder\">\n\t<div class=\"qodef-e-icon\">\n\t\t\t\t\t<span class=\"qodef-e-item-icon-text\">\n\t\t\t\t6.\t\t\t<\/span>\n\t\t\t<\/div>\n\t<div class=\"qodef-e-line\">\n\t\t<div class=\"qodef-e-line-inner\"><\/div>\n\t<\/div>\n<\/div>\n\t\t\t<div class=\"qodef-e-text-wrapper\">\n\t\t\t\t\t<h5 class=\"qodef-e-title\">\n\t\tErdbebensichere Verst\u00e4rkungen\t<\/h5>\n\t\t\t\t\t<p class=\"qodef-e-text\">\n\t\tBei Bedarf werden zus\u00e4tzliche seismische Verst\u00e4rkungen wie beispielsweise FRCM-Netze (Faserverbundwerkstoffe auf mineralischer Basis) hinzugef\u00fcgt, was die Widerstandsf\u00e4higkeit der Struktur gegen\u00fcber horizontalen Lasten und Erdbeben weiter erh\u00f6ht.\t<\/p>\n\t\t\t<\/div>\n\t\t<\/div>\n\t<\/div>\n<\/div>\n<div class=\"qodef-e qodef-process-item qodef-grid-item elementor-repeater-item-a0037c7\">\n\t<div class=\"qodef-e-inner\">\n\t\t<div class=\"qodef-e-content\">\n\t\t\t<div class=\"qodef-e-icon-holder\">\n\t<div class=\"qodef-e-icon\">\n\t\t\t\t\t<span class=\"qodef-e-item-icon-text\">\n\t\t\t\t7.\t\t\t<\/span>\n\t\t\t<\/div>\n\t<div class=\"qodef-e-line\">\n\t\t<div class=\"qodef-e-line-inner\"><\/div>\n\t<\/div>\n<\/div>\n\t\t\t<div class=\"qodef-e-text-wrapper\">\n\t\t\t\t\t<h5 class=\"qodef-e-title\">\n\t\tHydro-Rauhschicht\t<\/h5>\n\t\t\t\t\t<p class=\"qodef-e-text\">\n\t\tNach dem Aush\u00e4rten von STIROTON wird eine grobe Abdichtungsschicht aufgetragen, die das Objekt vor eindringender Feuchtigkeit sch\u00fctzt und f\u00fcr Langlebigkeit sorgt, insbesondere an erdber\u00fchrten oder \u00e4u\u00dferen Einfl\u00fcssen ausgesetzten Teilen.\t<\/p>\n\t\t\t<\/div>\n\t\t<\/div>\n\t<\/div>\n<\/div>\n<div class=\"qodef-e qodef-process-item qodef-grid-item elementor-repeater-item-be89683\">\n\t<div class=\"qodef-e-inner\">\n\t\t<div class=\"qodef-e-content\">\n\t\t\t<div class=\"qodef-e-icon-holder\">\n\t<div class=\"qodef-e-icon\">\n\t\t\t\t\t<span class=\"qodef-e-item-icon-text\">\n\t\t\t\t8.\t\t\t<\/span>\n\t\t\t<\/div>\n\t<div class=\"qodef-e-line\">\n\t\t<div class=\"qodef-e-line-inner\"><\/div>\n\t<\/div>\n<\/div>\n\t\t\t<div class=\"qodef-e-text-wrapper\">\n\t\t\t\t\t<h5 class=\"qodef-e-title\">\n\t\tFertigstellung\t<\/h5>\n\t\t\t\t\t<p class=\"qodef-e-text\">\n\t\tDie Endbearbeitung umfasst je nach Zweck und Gestaltung des Geb\u00e4udes feine Schichten von Fassade, Innenverkleidung, Farbe, Putz oder anderen Materialien. Dank der glatten Oberfl\u00e4che von STIROTON ist die Endbearbeitung einfach und erfordert nur minimale Korrekturen.\t<\/p>\n\t\t\t<\/div>\n\t\t<\/div>\n\t<\/div>\n<\/div>\n\t<\/div>\n<\/div>\n\t\t\t\t<\/div>\n\t\t\t\t<\/div>\n\t\t\t\t<div class=\"elementor-element elementor-element-e6fe7e4 elementor-widget elementor-widget-spacer\" data-id=\"e6fe7e4\" data-element_type=\"widget\" data-widget_type=\"spacer.default\">\n\t\t\t\t<div class=\"elementor-widget-container\">\n\t\t\t\t\t\t\t<div class=\"elementor-spacer\">\n\t\t\t<div class=\"elementor-spacer-inner\"><\/div>\n\t\t<\/div>\n\t\t\t\t\t\t<\/div>\n\t\t\t\t<\/div>\n\t\t\t\t\t<\/div>\n\t\t\t\t<\/div>\n\t\t\t\t<\/div>","protected":false},"excerpt":{"rendered":"<p>Proces izrade gra\u0111evinskih (rohbau) objekata 1. Radioni\u010dki nacrti Proces zapo\u010dinje preciznom pripremom projektne dokumentacije. Izra\u0111uju se radioni\u010dki nacrti koji definiraju geometriju, pozicije armature, spojeve i&hellip;<\/p>","protected":false},"author":1,"featured_media":0,"parent":0,"menu_order":3,"comment_status":"closed","ping_status":"closed","template":"elementor_header_footer","meta":{"footnotes":""},"class_list":["post-539","page","type-page","status-publish","hentry"],"acf":[],"_links":{"self":[{"href":"https:\/\/stiroton.com\/de\/wp-json\/wp\/v2\/pages\/539","targetHints":{"allow":["GET"]}}],"collection":[{"href":"https:\/\/stiroton.com\/de\/wp-json\/wp\/v2\/pages"}],"about":[{"href":"https:\/\/stiroton.com\/de\/wp-json\/wp\/v2\/types\/page"}],"author":[{"embeddable":true,"href":"https:\/\/stiroton.com\/de\/wp-json\/wp\/v2\/users\/1"}],"replies":[{"embeddable":true,"href":"https:\/\/stiroton.com\/de\/wp-json\/wp\/v2\/comments?post=539"}],"version-history":[{"count":0,"href":"https:\/\/stiroton.com\/de\/wp-json\/wp\/v2\/pages\/539\/revisions"}],"wp:attachment":[{"href":"https:\/\/stiroton.com\/de\/wp-json\/wp\/v2\/media?parent=539"}],"curies":[{"name":"wp","href":"https:\/\/api.w.org\/{rel}","templated":true}]}}