{"id":12,"date":"2025-01-23T18:24:50","date_gmt":"2025-01-23T17:24:50","guid":{"rendered":"https:\/\/stiroton.com\/terms-of-service\/"},"modified":"2025-02-23T14:46:42","modified_gmt":"2025-02-23T13:46:42","slug":"terms-of-service","status":"publish","type":"page","link":"https:\/\/stiroton.com\/hu\/terms-of-service\/","title":{"rendered":"\u00c1ltal\u00e1nos Szerz\u0151d\u00e9si Felt\u00e9telek"},"content":{"rendered":"<p><strong>STIROTON \u00c1ltal\u00e1nos Szerz\u0151d\u00e9si Felt\u00e9telek<\/strong><\/p>\n\n\n\n<p><strong>Felt\u00e9telek<\/strong><br>Utols\u00f3 friss\u00edt\u00e9s: 2025. febru\u00e1r 23.<\/p>\n\n\n\n<p>K\u00e9rj\u00fck, hogy szolg\u00e1ltat\u00e1sunk ig\u00e9nybev\u00e9tele el\u0151tt figyelmesen olvassa el ezeket a felt\u00e9teleket.<\/p>\n\n\n\n<p><strong>\u00c9rtelmez\u00e9s \u00e9s meghat\u00e1roz\u00e1sok<\/strong><br><em>\u00c9rtelmez\u00e9s<\/em><br>Azok a szavak, amelyek els\u0151 bet\u0171je nagybet\u0171vel van \u00edrva, a k\u00f6vetkez\u0151 felt\u00e9telek mellett hat\u00e1rozhat\u00f3 meg. A k\u00f6vetkez\u0151 meghat\u00e1roz\u00e1sok ugyanazt jelentik, f\u00fcggetlen\u00fcl att\u00f3l, hogy egyes vagy t\u00f6bbes sz\u00e1mban szerepelnek.<\/p>\n\n\n\n<p><strong>Meghat\u00e1roz\u00e1sok<\/strong><br>A jelen \u00c1ltal\u00e1nos Szerz\u0151d\u00e9si Felt\u00e9telek alkalmaz\u00e1s\u00e1ban:<\/p>\n\n\n\n<ul class=\"wp-block-list\">\n<li><em>Le\u00e1nyv\u00e1llalat<\/em> olyan gazd\u00e1lkod\u00f3 egys\u00e9g, amely egy f\u00e9l ellen\u0151rz\u00e9se alatt \u00e1ll, amelyet egy f\u00e9l ir\u00e1ny\u00edt, vagy amely egy f\u00e9llel k\u00f6z\u00f6s ir\u00e1ny\u00edt\u00e1s alatt \u00e1ll, ahol az \u201eir\u00e1ny\u00edt\u00e1s\u201d 50% vagy t\u00f6bb r\u00e9szv\u00e9ny, r\u00e9szv\u00e9nyesed\u00e9s vagy egy\u00e9b \u00e9rt\u00e9kpap\u00edr tulajdonjog\u00e1t jelenti, amely szavazati joggal rendelkezik az igazgat\u00f3k vagy m\u00e1s ir\u00e1ny\u00edt\u00f3 test\u00fcletek megv\u00e1laszt\u00e1s\u00e1ra.<\/li>\n\n\n\n<li><em>\u00c1llami<\/em> utal: Horv\u00e1torsz\u00e1g.<\/li>\n\n\n\n<li><em>T\u00e1rsadalom<\/em> (a jelen Szerz\u0151d\u00e9sben \u201eV\u00e1llalat\u201d, \u201eMi\u201d, \u201eMi\u201d vagy \u201eMi\u201d n\u00e9ven hivatkozunk) a Litty Studio jdoo-ra, Priles 2a, Ludbreg, Horv\u00e1torsz\u00e1gra vonatkozik.<\/li>\n\n\n\n<li><em>Eszk\u00f6z<\/em> minden olyan eszk\u00f6zt jelent, amely hozz\u00e1f\u00e9rhet a Szolg\u00e1ltat\u00e1shoz, p\u00e9ld\u00e1ul sz\u00e1m\u00edt\u00f3g\u00e9p, mobiltelefon vagy digit\u00e1lis t\u00e1blag\u00e9p.<\/li>\n\n\n\n<li><em>Szolg\u00e1ltat\u00e1s<\/em> weboldalra hivatkozik.<\/li>\n\n\n\n<li><em>Felt\u00e9telek<\/em> (m\u00e1s n\u00e9ven \u201eFelt\u00e9telek\u201d) alkotj\u00e1k a teljes meg\u00e1llapod\u00e1st \u00d6n \u00e9s a V\u00e1llalat k\u00f6z\u00f6tt a Szolg\u00e1ltat\u00e1s \u00d6n \u00e1ltali haszn\u00e1lat\u00e1ra vonatkoz\u00f3an. Ez az \u00c1ltal\u00e1nos Szerz\u0151d\u00e9si Felt\u00e9telek meg\u00e1llapod\u00e1s egy ingyenes szerz\u0151d\u00e9si felt\u00e9telek gener\u00e1tor seg\u00edts\u00e9g\u00e9vel j\u00f6tt l\u00e9tre.<\/li>\n\n\n\n<li><em>Harmadik f\u00e9l k\u00f6z\u00f6ss\u00e9gi m\u00e9dia szolg\u00e1ltat\u00e1sa<\/em> harmadik f\u00e9l \u00e1ltal biztos\u00edtott b\u00e1rmely szolg\u00e1ltat\u00e1sra vagy tartalomra (bele\u00e9rtve az adatokat, inform\u00e1ci\u00f3kat, term\u00e9keket vagy szolg\u00e1ltat\u00e1sokat) vonatkozik, amelyek megjelen\u00edthet\u0151k, szerepelhetnek vagy el\u00e9rhet\u0151k a Szolg\u00e1ltat\u00e1son kereszt\u00fcl.<\/li>\n\n\n\n<li><em>Weboldal<\/em> a STIROTON-ra vonatkozik, el\u00e9rhet\u0151 a c\u00edmen <a>https:\/\/stiroton.com\/<\/a>.<\/li>\n\n\n\n<li><em>Te<\/em> a Szolg\u00e1ltat\u00e1shoz hozz\u00e1f\u00e9r\u0151 vagy haszn\u00e1l\u00f3 mag\u00e1nszem\u00e9lyt, illetve azt a jogi szem\u00e9lyt jelenti, akinek nev\u00e9ben az adott szem\u00e9ly hozz\u00e1f\u00e9r vagy haszn\u00e1lja a Szolg\u00e1ltat\u00e1st, adott esetben.<\/li>\n<\/ul>\n\n\n\n<p><strong>Elfogad\u00e1s<\/strong><br>Jelen \u00c1ltal\u00e1nos Szerz\u0151d\u00e9si Felt\u00e9telek szab\u00e1lyozz\u00e1k a Szolg\u00e1ltat\u00e1s haszn\u00e1lat\u00e1t, \u00e9s meg\u00e1llapod\u00e1st k\u00e9peznek \u00d6n \u00e9s a V\u00e1llalat k\u00f6z\u00f6tt. Jelen \u00c1ltal\u00e1nos Szerz\u0151d\u00e9si Felt\u00e9telek r\u00f6gz\u00edtik minden felhaszn\u00e1l\u00f3 jogait \u00e9s k\u00f6telezetts\u00e9geit a Szolg\u00e1ltat\u00e1s haszn\u00e1lat\u00e1val kapcsolatban.<\/p>\n\n\n\n<p>A Szolg\u00e1ltat\u00e1shoz val\u00f3 hozz\u00e1f\u00e9r\u00e9s \u00e9s annak haszn\u00e1lat\u00e1nak felt\u00e9tele, hogy elfogadja \u00e9s betartja a jelen Felt\u00e9teleket. A jelen \u00c1ltal\u00e1nos Szerz\u0151d\u00e9si Felt\u00e9telek minden l\u00e1togat\u00f3ra, felhaszn\u00e1l\u00f3ra \u00e9s m\u00e1sokra vonatkoznak, akik hozz\u00e1f\u00e9rnek vagy haszn\u00e1lj\u00e1k a Szolg\u00e1ltat\u00e1st.<\/p>\n\n\n\n<p>A Szolg\u00e1ltat\u00e1s el\u00e9r\u00e9s\u00e9vel vagy haszn\u00e1lat\u00e1val \u00d6n mag\u00e1ra n\u00e9zve k\u00f6telez\u0151nek ismeri el a jelen \u00c1ltal\u00e1nos Szerz\u0151d\u00e9si Felt\u00e9teleket. Ha nem \u00e9rt egyet a jelen Felt\u00e9telek b\u00e1rmely r\u00e9sz\u00e9vel, nem f\u00e9rhet hozz\u00e1 a Szolg\u00e1ltat\u00e1shoz.<\/p>\n\n\n\n<p>Kijelenti, hogy elm\u00falt 18 \u00e9ves. A T\u00e1rsas\u00e1g 18 \u00e9ven aluliak sz\u00e1m\u00e1ra nem enged\u00e9lyezi a Szolg\u00e1ltat\u00e1s ig\u00e9nybev\u00e9tel\u00e9t.<\/p>\n\n\n\n<p>A Szolg\u00e1ltat\u00e1shoz val\u00f3 hozz\u00e1f\u00e9r\u00e9s \u00e9s annak haszn\u00e1lata a V\u00e1llalat adatv\u00e9delmi szab\u00e1lyzat\u00e1nak elfogad\u00e1s\u00e1t\u00f3l \u00e9s betart\u00e1s\u00e1t\u00f3l is f\u00fcgg. Adatv\u00e9delmi szab\u00e1lyzatunk le\u00edrja a szem\u00e9lyes adatainak gy\u0171jt\u00e9s\u00e9re, felhaszn\u00e1l\u00e1s\u00e1ra \u00e9s k\u00f6zz\u00e9t\u00e9tel\u00e9re vonatkoz\u00f3 ir\u00e1nyelveinket \u00e9s elj\u00e1r\u00e1sainkat, amikor \u00d6n az Alkalmaz\u00e1st vagy a Webhelyet haszn\u00e1lja, \u00e9s t\u00e1j\u00e9koztatja \u00d6nt adatv\u00e9delmi jogair\u00f3l \u00e9s arr\u00f3l, hogy a t\u00f6rv\u00e9ny hogyan v\u00e9di \u00d6nt. K\u00e9rj\u00fck, hogy szolg\u00e1ltat\u00e1sunk haszn\u00e1lata el\u0151tt figyelmesen olvassa el Adatv\u00e9delmi szab\u00e1lyzatunkat.<\/p>\n\n\n\n<p><strong>M\u00e1s weboldalakra mutat\u00f3 hivatkoz\u00e1sok<\/strong><br>Szolg\u00e1ltat\u00e1sunk tartalmazhat hivatkoz\u00e1sokat harmadik felek webhelyeire vagy szolg\u00e1ltat\u00e1saira, amelyek nem a V\u00e1llalat tulajdon\u00e1ban vagy ellen\u0151rz\u00e9se alatt \u00e1llnak.<\/p>\n\n\n\n<p>A V\u00e1llalatnak nincs befoly\u00e1sa harmadik felek webhelyeinek vagy szolg\u00e1ltat\u00e1sainak tartalm\u00e1ra, adatv\u00e9delmi szab\u00e1lyzataira vagy gyakorlataira, \u00e9s nem v\u00e1llal felel\u0151ss\u00e9get \u00e9rt\u00fck. \u00d6n tov\u00e1bb\u00e1 tudom\u00e1sul veszi \u00e9s elfogadja, hogy a V\u00e1llalat sem k\u00f6zvetlen\u00fcl, sem k\u00f6zvetve nem v\u00e1llal felel\u0151ss\u00e9get semmilyen k\u00e1r\u00e9rt vagy vesztes\u00e9g\u00e9rt, amelyet az ilyen webhelyeken vagy szolg\u00e1ltat\u00e1sokban el\u00e9rhet\u0151 tartalom, \u00e1ru vagy szolg\u00e1ltat\u00e1s haszn\u00e1lata vagy az ezekre val\u00f3 t\u00e1maszkod\u00e1s okozott vagy felt\u00e9telezett.<\/p>\n\n\n\n<p>Javasoljuk, hogy olvassa el a harmadik felek \u00e1ltal felkeresett webhelyek vagy szolg\u00e1ltat\u00e1sok felt\u00e9teleit \u00e9s adatv\u00e9delmi szab\u00e1lyzat\u00e1t.<\/p>\n\n\n\n<p><strong>A haszn\u00e1lat megsz\u00fcntet\u00e9se<\/strong><br>El\u0151zetes \u00e9rtes\u00edt\u00e9s \u00e9s felel\u0151ss\u00e9g n\u00e9lk\u00fcl azonnal megsz\u00fcntethetj\u00fck vagy felf\u00fcggeszthetj\u00fck hozz\u00e1f\u00e9r\u00e9s\u00e9t b\u00e1rmilyen okb\u00f3l, bele\u00e9rtve, de nem kiz\u00e1r\u00f3lagosan, ha megs\u00e9rti a jelen Felt\u00e9teleket.<\/p>\n\n\n\n<p>A felmond\u00e1st k\u00f6vet\u0151en a Szolg\u00e1ltat\u00e1s haszn\u00e1lat\u00e1ra vonatkoz\u00f3 joga azonnal megsz\u0171nik.<\/p>\n\n\n\n<p>(&#8230;)<\/p>\n\n\n\n<p><strong>Vegye fel vel\u00fcnk a kapcsolatot<\/strong><br>Ha b\u00e1rmilyen k\u00e9rd\u00e9se van jelen \u00c1ltal\u00e1nos Szerz\u0151d\u00e9si Felt\u00e9telekkel kapcsolatban, forduljon hozz\u00e1nk:<\/p>\n\n\n\n<p>E-mailben: <a>info@stiroton.com<\/a><\/p>","protected":false},"excerpt":{"rendered":"<p>Uvjeti i odredbe za STIROTON Uvjeti i odredbeZadnje a\u017euriranje: 23. velja\u010de 2025. Molimo vas da pa\u017eljivo pro\u010ditate ove uvjete i odredbe prije kori\u0161tenja na\u0161e usluge.&hellip;<\/p>","protected":false},"author":1,"featured_media":0,"parent":0,"menu_order":29,"comment_status":"closed","ping_status":"closed","template":"","meta":{"footnotes":""},"class_list":["post-12","page","type-page","status-publish","hentry"],"acf":[],"_links":{"self":[{"href":"https:\/\/stiroton.com\/hu\/wp-json\/wp\/v2\/pages\/12","targetHints":{"allow":["GET"]}}],"collection":[{"href":"https:\/\/stiroton.com\/hu\/wp-json\/wp\/v2\/pages"}],"about":[{"href":"https:\/\/stiroton.com\/hu\/wp-json\/wp\/v2\/types\/page"}],"author":[{"embeddable":true,"href":"https:\/\/stiroton.com\/hu\/wp-json\/wp\/v2\/users\/1"}],"replies":[{"embeddable":true,"href":"https:\/\/stiroton.com\/hu\/wp-json\/wp\/v2\/comments?post=12"}],"version-history":[{"count":0,"href":"https:\/\/stiroton.com\/hu\/wp-json\/wp\/v2\/pages\/12\/revisions"}],"wp:attachment":[{"href":"https:\/\/stiroton.com\/hu\/wp-json\/wp\/v2\/media?parent=12"}],"curies":[{"name":"munkaf\u00fczet","href":"https:\/\/api.w.org\/{rel}","templated":true}]}}