{"id":409,"date":"2025-02-26T08:49:17","date_gmt":"2025-02-26T07:49:17","guid":{"rendered":"https:\/\/stiroton.com\/search-home\/"},"modified":"2025-02-26T10:15:28","modified_gmt":"2025-02-26T09:15:28","slug":"search-home","status":"publish","type":"page","link":"https:\/\/stiroton.com\/hu\/search-home\/","title":{"rendered":"Keres\u00e9s f\u0151oldal"},"content":{"rendered":"<div class=\"directorist-search-contents directorist-contents-wrap\" data-atts=\"{&quot;show_title_subtitle&quot;:&quot;yes&quot;,&quot;search_bar_title&quot;:&quot;Search here&quot;,&quot;search_bar_sub_title&quot;:&quot;Find the best match of your interest&quot;,&quot;search_button&quot;:&quot;yes&quot;,&quot;search_button_text&quot;:&quot;Search Listing&quot;,&quot;more_filters_button&quot;:&quot;yes&quot;,&quot;more_filters_text&quot;:&quot;More Filters&quot;,&quot;reset_filters_button&quot;:&quot;yes&quot;,&quot;apply_filters_button&quot;:&quot;yes&quot;,&quot;reset_filters_text&quot;:&quot;Reset Filters&quot;,&quot;apply_filters_text&quot;:&quot;Apply Filters&quot;,&quot;logged_in_user_only&quot;:&quot;&quot;,&quot;redirect_page_url&quot;:&quot;&quot;,&quot;more_filters_display&quot;:&quot;sliding&quot;,&quot;directory_type&quot;:&quot;&quot;,&quot;default_directory_type&quot;:&quot;&quot;,&quot;show_popular_category&quot;:&quot;&quot;,&quot;category_custom_fields_relations&quot;:[]}\">\n\n    <div class=\"directorist-container-fluid\">\n\n        \n        \n            <div class=\"directorist-search-top\">\n\n                                    <h2 class=\"directorist-search-top__title\">Keres\u00e9s itt<\/h2>\n                \n                                    <p class=\"directorist-search-top__subtitle\">Tal\u00e1ld meg az \u00e9rdekl\u0151d\u00e9sednek legink\u00e1bb megfelel\u0151t<\/p>\n                \n            <\/div>\n\n        \n        <form action=\"https:\/\/stiroton.com\/hu\/search-result\/\" class=\"directorist-search-form\" data-atts=\"{&quot;show_title_subtitle&quot;:&quot;yes&quot;,&quot;search_bar_title&quot;:&quot;Search here&quot;,&quot;search_bar_sub_title&quot;:&quot;Find the best match of your interest&quot;,&quot;search_button&quot;:&quot;yes&quot;,&quot;search_button_text&quot;:&quot;Search Listing&quot;,&quot;more_filters_button&quot;:&quot;yes&quot;,&quot;more_filters_text&quot;:&quot;More Filters&quot;,&quot;reset_filters_button&quot;:&quot;yes&quot;,&quot;apply_filters_button&quot;:&quot;yes&quot;,&quot;reset_filters_text&quot;:&quot;Reset Filters&quot;,&quot;apply_filters_text&quot;:&quot;Apply Filters&quot;,&quot;logged_in_user_only&quot;:&quot;&quot;,&quot;redirect_page_url&quot;:&quot;&quot;,&quot;more_filters_display&quot;:&quot;sliding&quot;,&quot;directory_type&quot;:&quot;&quot;,&quot;default_directory_type&quot;:&quot;&quot;,&quot;show_popular_category&quot;:&quot;&quot;,&quot;category_custom_fields_relations&quot;:[]}\" data-trp-original-action=\"https:\/\/stiroton.com\/hu\/search-result\/\">\n\n            <div class=\"directorist-search-form-wrap directorist-search-form__wrap directorist-with-search-border\">\n\n                \n                <input type=\"hidden\" name=\"directory_type\" class=\"listing_type\" value=\"izvedba\">\n\n                \n<div class=\"directorist-search-form__box\">\n\n    <div class=\"directorist-search-form-top directorist-flex directorist-align-center directorist-search-form-inline directorist-search-form__top directorist-search-modal directorist-search-modal--basic\">\n        \n<div class=\"directorist-search-modal__overlay\"><\/div>\n<div class=\"directorist-search-adv-filter directorist-advanced-filter directorist-search-modal__contents\">\n    <span class=\"directorist-search-modal__minimizer\"><\/span>\n    <div class=\"directorist-search-modal__contents__body\">\n\n        \n                            <div class=\"directorist-search-modal__input\">\n                    \n<div class=\"directorist-search-field directorist-form-group directorist-search-query\">\n\n            <label class=\"directorist-search-field__label\" for=\"listing_title\">Mit keres?<\/label>\n    \n    <input class=\"directorist-form-element directorist-search-field__input\" id=\"listing_title\" type=\"text\" name=\"q\" value=\"\" placeholder=\"\" >\n\n    <div class=\"directorist-search-field__btn directorist-search-field__btn--clear\">\n        <i class=\"directorist-icon-mask\" aria-hidden=\"true\" style=\"--directorist-icon: url(https:\/\/stiroton.com\/wp-content\/plugins\/directorist\/assets\/icons\/font-awesome\/svgs\/solid\/times-circle.svg)\"><\/i>    <\/div>\n\n<\/div>                <\/div>\n                            <div class=\"directorist-search-modal__input\">\n                    <div class=\"directorist-search-field directorist-form-group\">\n    <div class=\"directorist-select directorist-search-category directorist-search-field__input\">\n\n                    <label class=\"directorist-search-field__label\">Kateg\u00f3ria<\/label>\n        \n        <select name=\"in_cat\" class=\"search_fields bdas-category-search directorist-category-select\" data-placeholder=\"Kategorija\"  data-issearch=\"true\" data-selected-id=\"\" data-selected-label=\"\">\n            <option value=\"\">V\u00e1lasszon kateg\u00f3ri\u00e1t<\/option><option data-icon=\"https:\/\/stiroton.com\/wp-content\/plugins\/directorist\/assets\/icons\/font-awesome\/svgs\/solid\/lightbulb.svg\" data-custom-field=\"\" value=\"80\">\u00c9p\u00edt\u00e9szeti v\u00edzi\u00f3k<\/option><option data-icon=\"https:\/\/stiroton.com\/wp-content\/plugins\/directorist\/assets\/icons\/font-awesome\/svgs\/regular\/circle.svg\" data-custom-field=\"\" value=\"95\">\u00dasz\u00f3medenc\u00e9k<\/option><option data-icon=\"https:\/\/stiroton.com\/wp-content\/plugins\/directorist\/assets\/icons\/font-awesome\/svgs\/solid\/chart-pie.svg\" data-custom-field=\"\" value=\"94\">\u00c9p\u00fcletb\u0151v\u00edt\u00e9sek<\/option><option data-icon=\"https:\/\/stiroton.com\/wp-content\/plugins\/directorist\/assets\/icons\/font-awesome\/svgs\/regular\/building.svg\" data-custom-field=\"\" value=\"89\">Homlokzati elemek<\/option><option data-icon=\"https:\/\/stiroton.com\/wp-content\/plugins\/directorist\/assets\/icons\/font-awesome\/svgs\/solid\/shapes.svg\" data-custom-field=\"\" value=\"99\">Bels\u0151 terek<\/option><option data-icon=\"https:\/\/stiroton.com\/wp-content\/plugins\/directorist\/assets\/icons\/font-awesome\/svgs\/solid\/cubes.svg\" data-custom-field=\"\" value=\"91\">Modul\u00e1ris \u00e9p\u00fcletek<\/option><option data-icon=\"https:\/\/stiroton.com\/wp-content\/plugins\/directorist\/assets\/icons\/font-awesome\/svgs\/solid\/rainbow.svg\" data-custom-field=\"\" value=\"98\">Pavilonok<\/option><option data-icon=\"https:\/\/stiroton.com\/wp-content\/plugins\/directorist\/assets\/icons\/font-awesome\/svgs\/solid\/water.svg\" data-custom-field=\"\" value=\"88\">Lebeg\u0151 objektumok<\/option><option data-icon=\"https:\/\/stiroton.com\/wp-content\/plugins\/directorist\/assets\/icons\/font-awesome\/svgs\/solid\/rss.svg\" data-custom-field=\"\" value=\"87\">F\u00f6ldalatti l\u00e9tes\u00edtm\u00e9nyek<\/option><option data-icon=\"https:\/\/stiroton.com\/wp-content\/plugins\/directorist\/assets\/icons\/font-awesome\/svgs\/solid\/city.svg\" data-custom-field=\"\" value=\"100\">T\u00e9glalap alak\u00fa \u00e9p\u00fcletek<\/option><option data-icon=\"https:\/\/stiroton.com\/wp-content\/plugins\/directorist\/assets\/icons\/font-awesome\/svgs\/solid\/landmark.svg\" data-custom-field=\"\" value=\"101\">V\u00e1s\u00e1ri standok<\/option><option data-icon=\"https:\/\/stiroton.com\/wp-content\/plugins\/directorist\/assets\/icons\/font-awesome\/svgs\/solid\/mountain.svg\" data-custom-field=\"\" value=\"96\">Mesters\u00e9ges szikl\u00e1k<\/option><option data-icon=\"https:\/\/stiroton.com\/wp-content\/plugins\/directorist\/assets\/icons\/font-awesome\/svgs\/solid\/igloo.svg\" data-custom-field=\"\" value=\"92\">\u00cdvelt \u00e9p\u00fcletek<\/option>        <\/select>\n\n    <\/div>\n    <div class=\"directorist-search-field__btn directorist-search-field__btn--clear\">\n        <i class=\"directorist-icon-mask\" aria-hidden=\"true\" style=\"--directorist-icon: url(https:\/\/stiroton.com\/wp-content\/plugins\/directorist\/assets\/icons\/font-awesome\/svgs\/solid\/times-circle.svg)\"><\/i> \n    <\/div>\n<\/div>                <\/div>\n                        \n        \n        <div class=\"directorist-search-form-action__modal\">\n            <button type=\"submit\" class=\"directorist-btn directorist-btn-light directorist-search-form-action__modal__btn-search\">\n\n                <i class=\"directorist-icon-mask\" aria-hidden=\"true\" style=\"--directorist-icon: url(https:\/\/stiroton.com\/wp-content\/plugins\/directorist\/assets\/icons\/line-awesome\/svgs\/search-solid.svg)\"><\/i>\n                Keres\u00e9si lista\n            <\/button>\n        <\/div>\n    <\/div>\n<\/div>    <\/div>\n    \n<div class=\"directorist-search-form-action\">\n\n    \n        <div class=\"directorist-search-form-action__filter\">\n            <a href=\"#\" class=\"directorist-btn directorist-btn-lg directorist-filter-btn directorist-modal-btn directorist-modal-btn--advanced\">\n                                    <i class=\"directorist-icon-mask\" aria-hidden=\"true\" style=\"--directorist-icon: url(https:\/\/stiroton.com\/wp-content\/plugins\/directorist\/assets\/icons\/font-awesome\/svgs\/solid\/filter.svg)\"><\/i>                \n                Tov\u00e1bbi sz\u0171r\u0151k            <\/a>\n        <\/div>\n\n    \n    \n        <div class=\"directorist-search-form-action__submit\">\n            <button type=\"submit\" class=\"directorist-btn directorist-btn-lg directorist-btn-primary directorist-btn-search\">\n\n                                    <i class=\"directorist-icon-mask\" aria-hidden=\"true\" style=\"--directorist-icon: url(https:\/\/stiroton.com\/wp-content\/plugins\/directorist\/assets\/icons\/line-awesome\/svgs\/search-solid.svg)\"><\/i>                \n                Keres\u00e9si lista\n            <\/button>\n        <\/div>\n\n    \n<\/div>\n<\/div>\n\n<div class=\"directorist-search-form-action__modal\">\n    <a href=\"#\" class=\"directorist-btn directorist-btn-light directorist-search-form-action__modal__btn-search directorist-modal-btn directorist-modal-btn--basic\">\n\n        <i class=\"directorist-icon-mask\" aria-hidden=\"true\" style=\"--directorist-icon: url(https:\/\/stiroton.com\/wp-content\/plugins\/directorist\/assets\/icons\/line-awesome\/svgs\/search-solid.svg)\"><\/i>\n        Keres\u00e9si lista\n    <\/a>\n\n            <a href=\"#\" class=\"directorist-search-form-action__modal__btn-advanced directorist-modal-btn directorist-modal-btn--advanced\">\n\n            <i class=\"directorist-icon-mask\" aria-hidden=\"true\" style=\"--directorist-icon: url(https:\/\/stiroton.com\/wp-content\/plugins\/directorist\/assets\/icons\/font-awesome\/svgs\/solid\/sliders-h.svg)\"><\/i>\n        <\/a>\n    <\/div>\n\n<div class=\"directorist-search-modal directorist-search-modal--advanced\">\n    \n<div class=\"directorist-search-modal__overlay\"><\/div>\n<div class=\"directorist-search-adv-filter directorist-advanced-filter directorist-search-modal__contents\">\n    <div class=\"directorist-search-modal__contents__header\">\n        <h3 class=\"directorist-search-modal__contents__title\">Tov\u00e1bbi sz\u0171r\u0151k<\/h3>\n        <button class=\"directorist-search-modal__contents__btn directorist-search-modal__contents__btn--close\"><i class=\"directorist-icon-mask\" aria-hidden=\"true\" style=\"--directorist-icon: url(https:\/\/stiroton.com\/wp-content\/plugins\/directorist\/assets\/icons\/font-awesome\/svgs\/solid\/times.svg)\"><\/i><\/button>\n        <span class=\"directorist-search-modal__minimizer\"><\/span>\n    <\/div>\n    <div class=\"directorist-search-modal__contents__body\">\n                        <div class=\"directorist-advanced-filter__advanced__element directorist-search-field-text\">\n                    \n<div class=\"directorist-search-field directorist-form-group\">\n\n            <label class=\"directorist-search-field__label\"> Tov\u00e1bbi funkci\u00f3k<\/label>\n    \n    <input class=\"directorist-form-element directorist-search-field__input\" type=\"text\" name=\"custom_field[custom-text]\" value=\"\" placeholder=\"Sz\u00f6veg\" >\n    \n    <div class=\"directorist-search-field__btn directorist-search-field__btn--clear\">\n        <i class=\"directorist-icon-mask\" aria-hidden=\"true\" style=\"--directorist-icon: url(https:\/\/stiroton.com\/wp-content\/plugins\/directorist\/assets\/icons\/font-awesome\/svgs\/solid\/times-circle.svg)\"><\/i> \n    <\/div>\n    \n<\/div>                <\/div>\n                <\/div>\n    <div class=\"directorist-search-modal__contents__footer\">\n        \n<div class=\"directorist-advanced-filter__action directorist-flex directorist-align-center directorist-justify-content-between flex-wrap\">\n\n            <button type=\"submit\" class=\"directorist-btn directorist-btn-sm directorist-btn-submit\">Sz\u0171r\u0151k alkalmaz\u00e1sa<\/button>\n    \n            <button type=\"submit\" class=\"directorist-btn-reset-js\">Sz\u0171r\u0151k vissza\u00e1ll\u00edt\u00e1sa<\/button>\n    \n<\/div>    <\/div>\n<\/div>\n<\/div>\n            <\/div>\n\n        <input type=\"hidden\" name=\"trp-form-language\" value=\"hu\"\/><\/form>\n\n        \n        \n    <\/div>\n\n<\/div>","protected":false},"excerpt":{"rendered":"","protected":false},"author":1,"featured_media":0,"parent":0,"menu_order":4,"comment_status":"closed","ping_status":"closed","template":"","meta":{"footnotes":""},"class_list":["post-409","page","type-page","status-publish","hentry"],"acf":[],"_links":{"self":[{"href":"https:\/\/stiroton.com\/hu\/wp-json\/wp\/v2\/pages\/409","targetHints":{"allow":["GET"]}}],"collection":[{"href":"https:\/\/stiroton.com\/hu\/wp-json\/wp\/v2\/pages"}],"about":[{"href":"https:\/\/stiroton.com\/hu\/wp-json\/wp\/v2\/types\/page"}],"author":[{"embeddable":true,"href":"https:\/\/stiroton.com\/hu\/wp-json\/wp\/v2\/users\/1"}],"replies":[{"embeddable":true,"href":"https:\/\/stiroton.com\/hu\/wp-json\/wp\/v2\/comments?post=409"}],"version-history":[{"count":0,"href":"https:\/\/stiroton.com\/hu\/wp-json\/wp\/v2\/pages\/409\/revisions"}],"wp:attachment":[{"href":"https:\/\/stiroton.com\/hu\/wp-json\/wp\/v2\/media?parent=409"}],"curies":[{"name":"munkaf\u00fczet","href":"https:\/\/api.w.org\/{rel}","templated":true}]}}