{"id":539,"date":"2025-03-15T11:17:32","date_gmt":"2025-03-15T10:17:32","guid":{"rendered":"https:\/\/stiroton.com\/?page_id=539"},"modified":"2025-06-20T13:09:42","modified_gmt":"2025-06-20T11:09:42","slug":"proces","status":"publish","type":"page","link":"https:\/\/stiroton.com\/hu\/proces\/","title":{"rendered":"Folyamat"},"content":{"rendered":"<div data-elementor-type=\"wp-page\" data-elementor-id=\"539\" class=\"elementor elementor-539\" data-elementor-post-type=\"page\">\n\t\t\t\t<div class=\"elementor-element elementor-element-3df602b e-flex e-con-boxed e-con e-parent\" data-id=\"3df602b\" data-element_type=\"container\">\n\t\t\t\t\t<div class=\"e-con-inner\">\n\t\t\t\t<div class=\"elementor-element elementor-element-7cc3b2c elementor-widget elementor-widget-spacer\" data-id=\"7cc3b2c\" data-element_type=\"widget\" data-widget_type=\"spacer.default\">\n\t\t\t\t<div class=\"elementor-widget-container\">\n\t\t\t\t\t\t\t<div class=\"elementor-spacer\">\n\t\t\t<div class=\"elementor-spacer-inner\"><\/div>\n\t\t<\/div>\n\t\t\t\t\t\t<\/div>\n\t\t\t\t<\/div>\n\t\t\t\t<div class=\"elementor-element elementor-element-1f796a6 elementor-widget elementor-widget-heading\" data-id=\"1f796a6\" data-element_type=\"widget\" data-widget_type=\"heading.default\">\n\t\t\t\t<div class=\"elementor-widget-container\">\n\t\t\t\t\t<h2 class=\"elementor-heading-title elementor-size-default\">Az \u00e9p\u00edt\u00e9si folyamat (rohbau)<\/h2>\t\t\t\t<\/div>\n\t\t\t\t<\/div>\n\t\t\t\t<div class=\"elementor-element elementor-element-fac39a0 elementor-widget elementor-widget-spacer\" data-id=\"fac39a0\" data-element_type=\"widget\" data-widget_type=\"spacer.default\">\n\t\t\t\t<div class=\"elementor-widget-container\">\n\t\t\t\t\t\t\t<div class=\"elementor-spacer\">\n\t\t\t<div class=\"elementor-spacer-inner\"><\/div>\n\t\t<\/div>\n\t\t\t\t\t\t<\/div>\n\t\t\t\t<\/div>\n\t\t\t\t<div class=\"elementor-element elementor-element-7f00315 elementor-widget elementor-widget-qi_addons_for_elementor_process\" data-id=\"7f00315\" data-element_type=\"widget\" data-widget_type=\"qi_addons_for_elementor_process.default\">\n\t\t\t\t<div class=\"elementor-widget-container\">\n\t\t\t\t\t<div class=\"qodef-shortcode qodef-m qodef-qi-process qodef-qi--has-appear qodef-qi-grid qodef-layout--qi-columns qodef-col-num--1 qodef-item-layout--vertical qodef-responsive--predefined\">\n\t<div class=\"qodef-grid-inner\">\n\t\t<div class=\"qodef-e qodef-process-item qodef-grid-item elementor-repeater-item-7e2d107\">\n\t<div class=\"qodef-e-inner\">\n\t\t<div class=\"qodef-e-content\">\n\t\t\t<div class=\"qodef-e-icon-holder\">\n\t<div class=\"qodef-e-icon\">\n\t\t\t\t\t<span class=\"qodef-e-item-icon-text\">\n\t\t\t\t1.\t\t\t<\/span>\n\t\t\t<\/div>\n\t<div class=\"qodef-e-line\">\n\t\t<div class=\"qodef-e-line-inner\"><\/div>\n\t<\/div>\n<\/div>\n\t\t\t<div class=\"qodef-e-text-wrapper\">\n\t\t\t\t\t<h5 class=\"qodef-e-title\">\n\t\tM\u0171helyrajzok\t<\/h5>\n\t\t\t\t\t<p class=\"qodef-e-text\">\n\t\tA folyamat a projektdokument\u00e1ci\u00f3 prec\u00edz elk\u00e9sz\u00edt\u00e9s\u00e9vel kezd\u0151dik. M\u0171helyrajzok k\u00e9sz\u00fclnek, amelyek meghat\u00e1rozz\u00e1k a geometri\u00e1t, a vasal\u00e1s poz\u00edci\u00f3it, a csatlakoz\u00e1sokat \u00e9s az ac\u00e9lkosarak gy\u00e1rt\u00e1s\u00e1hoz \u00e9s a STIROTON beton be\u00e9p\u00edt\u00e9s\u00e9hez sz\u00fcks\u00e9ges \u00f6sszes m\u0171szaki r\u00e9szletet.\t<\/p>\n\t\t\t<\/div>\n\t\t<\/div>\n\t<\/div>\n<\/div>\n<div class=\"qodef-e qodef-process-item qodef-grid-item elementor-repeater-item-37fc6e6\">\n\t<div class=\"qodef-e-inner\">\n\t\t<div class=\"qodef-e-content\">\n\t\t\t<div class=\"qodef-e-icon-holder\">\n\t<div class=\"qodef-e-icon\">\n\t\t\t\t\t<span class=\"qodef-e-item-icon-text\">\n\t\t\t\t2.\t\t\t<\/span>\n\t\t\t<\/div>\n\t<div class=\"qodef-e-line\">\n\t\t<div class=\"qodef-e-line-inner\"><\/div>\n\t<\/div>\n<\/div>\n\t\t\t<div class=\"qodef-e-text-wrapper\">\n\t\t\t\t\t<h5 class=\"qodef-e-title\">\n\t\tKosarak k\u00e9sz\u00edt\u00e9se\t<\/h5>\n\t\t\t\t\t<p class=\"qodef-e-text\">\n\t\tA tervrajz alapj\u00e1n, ellen\u0151rz\u00f6tt k\u00f6r\u00fclm\u00e9nyek k\u00f6z\u00f6tt ac\u00e9lkosarakat k\u00e9sz\u00edtenek - t\u00e9rbeli vasbeton v\u00e1zakat, amelyek az \u00e9p\u00fclet teherhord\u00f3 szerkezet\u00e9t alkotj\u00e1k. A kosarak meghat\u00e1rozz\u00e1k a leend\u0151 falak t\u00e9rfogat\u00e1t, \u00e9s minim\u00e1lis szerkezeti t\u00f6meg mellett optim\u00e1lis teherb\u00edr\u00e1st tesznek lehet\u0151v\u00e9.\t<\/p>\n\t\t\t<\/div>\n\t\t<\/div>\n\t<\/div>\n<\/div>\n<div class=\"qodef-e qodef-process-item qodef-grid-item elementor-repeater-item-668d265\">\n\t<div class=\"qodef-e-inner\">\n\t\t<div class=\"qodef-e-content\">\n\t\t\t<div class=\"qodef-e-icon-holder\">\n\t<div class=\"qodef-e-icon\">\n\t\t\t\t\t<span class=\"qodef-e-item-icon-text\">\n\t\t\t\t3.\t\t\t<\/span>\n\t\t\t<\/div>\n\t<div class=\"qodef-e-line\">\n\t\t<div class=\"qodef-e-line-inner\"><\/div>\n\t<\/div>\n<\/div>\n\t\t\t<div class=\"qodef-e-text-wrapper\">\n\t\t\t\t\t<h5 class=\"qodef-e-title\">\n\t\tT\u0171zihorganyz\u00e1s\t<\/h5>\n\t\t\t\t\t<p class=\"qodef-e-text\">\n\t\tMinden kos\u00e1r \u00e9s meger\u0151s\u00edt\u0151 elem t\u0171zihorganyz\u00e1son esik \u00e1t, ami biztos\u00edtja a hossz\u00fa t\u00e1v\u00fa korr\u00f3zi\u00f3\u00e1ll\u00f3s\u00e1gukat, ami k\u00fcl\u00f6n\u00f6sen fontos a megn\u00f6vekedett p\u00e1ratartalm\u00fa vagy agressz\u00edv l\u00e9gk\u00f6r\u0171 ter\u00fcleteken.\t<\/p>\n\t\t\t<\/div>\n\t\t<\/div>\n\t<\/div>\n<\/div>\n<div class=\"qodef-e qodef-process-item qodef-grid-item elementor-repeater-item-66cad2e\">\n\t<div class=\"qodef-e-inner\">\n\t\t<div class=\"qodef-e-content\">\n\t\t\t<div class=\"qodef-e-icon-holder\">\n\t<div class=\"qodef-e-icon\">\n\t\t\t\t\t<span class=\"qodef-e-item-icon-text\">\n\t\t\t\t4.\t\t\t<\/span>\n\t\t\t<\/div>\n\t<div class=\"qodef-e-line\">\n\t\t<div class=\"qodef-e-line-inner\"><\/div>\n\t<\/div>\n<\/div>\n\t\t\t<div class=\"qodef-e-text-wrapper\">\n\t\t\t\t\t<h5 class=\"qodef-e-title\">\n\t\tSz\u00e1ll\u00edt\u00e1s \u00e9s telep\u00edt\u00e9s\t<\/h5>\n\t\t\t\t\t<p class=\"qodef-e-text\">\n\t\tA k\u00e9sz horganyzott kosarakat az \u00e9p\u00edtkez\u00e9sre sz\u00e1ll\u00edtj\u00e1k, \u00e9s el\u0151k\u00e9sz\u00edtett alapokra szerelik. Az el\u0151regy\u00e1rt\u00e1snak \u00e9s a modularit\u00e1snak k\u00f6sz\u00f6nhet\u0151en az \u00f6sszeszerel\u00e9s gyors \u00e9s prec\u00edz, minim\u00e1lis helysz\u00edni munk\u00e1val.\t<\/p>\n\t\t\t<\/div>\n\t\t<\/div>\n\t<\/div>\n<\/div>\n<div class=\"qodef-e qodef-process-item qodef-grid-item elementor-repeater-item-21c7216\">\n\t<div class=\"qodef-e-inner\">\n\t\t<div class=\"qodef-e-content\">\n\t\t\t<div class=\"qodef-e-icon-holder\">\n\t<div class=\"qodef-e-icon\">\n\t\t\t\t\t<span class=\"qodef-e-item-icon-text\">\n\t\t\t\t5.\t\t\t<\/span>\n\t\t\t<\/div>\n\t<div class=\"qodef-e-line\">\n\t\t<div class=\"qodef-e-line-inner\"><\/div>\n\t<\/div>\n<\/div>\n\t\t\t<div class=\"qodef-e-text-wrapper\">\n\t\t\t\t\t<h5 class=\"qodef-e-title\">\n\t\tSTIROTON telep\u00edt\u00e9se\t<\/h5>\n\t\t\t\t\t<p class=\"qodef-e-text\">\n\t\tA kosarakba STIROTON betont \u00f6ntenek \u2013 ez egy ultrak\u00f6nny\u0171 EPS beton, amely kit\u00f6lti a szerkezetet, k\u00f6r\u00fclveszi a betonac\u00e9lt, \u00e9s megk\u00f6t\u00e9s ut\u00e1n szil\u00e1rd, szigetel\u0151 \u00e9s teherhord\u00f3 massz\u00e1v\u00e1 v\u00e1lik. Az \u00f6nt\u00e9st egy mobil berendez\u00e9ssel v\u00e9gzik k\u00f6zvetlen\u00fcl az \u00e9p\u00edtkez\u00e9sen.\t<\/p>\n\t\t\t<\/div>\n\t\t<\/div>\n\t<\/div>\n<\/div>\n<div class=\"qodef-e qodef-process-item qodef-grid-item elementor-repeater-item-31e2080\">\n\t<div class=\"qodef-e-inner\">\n\t\t<div class=\"qodef-e-content\">\n\t\t\t<div class=\"qodef-e-icon-holder\">\n\t<div class=\"qodef-e-icon\">\n\t\t\t\t\t<span class=\"qodef-e-item-icon-text\">\n\t\t\t\t6.\t\t\t<\/span>\n\t\t\t<\/div>\n\t<div class=\"qodef-e-line\">\n\t\t<div class=\"qodef-e-line-inner\"><\/div>\n\t<\/div>\n<\/div>\n\t\t\t<div class=\"qodef-e-text-wrapper\">\n\t\t\t\t\t<h5 class=\"qodef-e-title\">\n\t\tF\u00f6ldreng\u00e9sg\u00e1tl\u00f3 meger\u0151s\u00edt\u00e9sek\t<\/h5>\n\t\t\t\t\t<p class=\"qodef-e-text\">\n\t\tSz\u00fcks\u00e9g eset\u00e9n tov\u00e1bbi szeizmikus meger\u0151s\u00edt\u00e9seket, p\u00e9ld\u00e1ul FRCM h\u00e1l\u00f3kat (\u00e1sv\u00e1nyi alapon k\u00e9sz\u00fclt sz\u00e1las kompozitok) adnak hozz\u00e1, ami tov\u00e1bb n\u00f6veli a szerkezet v\u00edzszintes terhel\u00e9sekkel \u00e9s f\u00f6ldreng\u00e9sekkel szembeni ellen\u00e1ll\u00e1s\u00e1t.\t<\/p>\n\t\t\t<\/div>\n\t\t<\/div>\n\t<\/div>\n<\/div>\n<div class=\"qodef-e qodef-process-item qodef-grid-item elementor-repeater-item-a0037c7\">\n\t<div class=\"qodef-e-inner\">\n\t\t<div class=\"qodef-e-content\">\n\t\t\t<div class=\"qodef-e-icon-holder\">\n\t<div class=\"qodef-e-icon\">\n\t\t\t\t\t<span class=\"qodef-e-item-icon-text\">\n\t\t\t\t7.\t\t\t<\/span>\n\t\t\t<\/div>\n\t<div class=\"qodef-e-line\">\n\t\t<div class=\"qodef-e-line-inner\"><\/div>\n\t<\/div>\n<\/div>\n\t\t\t<div class=\"qodef-e-text-wrapper\">\n\t\t\t\t\t<h5 class=\"qodef-e-title\">\n\t\tV\u00edz \u00e9rdes r\u00e9teg\t<\/h5>\n\t\t\t\t\t<p class=\"qodef-e-text\">\n\t\tA STIROTON megkem\u00e9nyed\u00e9se ut\u00e1n egy durva v\u00edzszigetel\u0151 r\u00e9teget visz\u00fcnk fel, amely megv\u00e9di a t\u00e1rgyat a nedvess\u00e9g behatol\u00e1s\u00e1t\u00f3l \u00e9s biztos\u00edtja a tart\u00f3ss\u00e1got, k\u00fcl\u00f6n\u00f6sen a talajjal vagy k\u00fcls\u0151 behat\u00e1sokkal \u00e9rintkez\u0151 r\u00e9szeken.\t<\/p>\n\t\t\t<\/div>\n\t\t<\/div>\n\t<\/div>\n<\/div>\n<div class=\"qodef-e qodef-process-item qodef-grid-item elementor-repeater-item-be89683\">\n\t<div class=\"qodef-e-inner\">\n\t\t<div class=\"qodef-e-content\">\n\t\t\t<div class=\"qodef-e-icon-holder\">\n\t<div class=\"qodef-e-icon\">\n\t\t\t\t\t<span class=\"qodef-e-item-icon-text\">\n\t\t\t\t8.\t\t\t<\/span>\n\t\t\t<\/div>\n\t<div class=\"qodef-e-line\">\n\t\t<div class=\"qodef-e-line-inner\"><\/div>\n\t<\/div>\n<\/div>\n\t\t\t<div class=\"qodef-e-text-wrapper\">\n\t\t\t\t\t<h5 class=\"qodef-e-title\">\n\t\tV\u00e9gs\u0151\t<\/h5>\n\t\t\t\t\t<p class=\"qodef-e-text\">\n\t\tA befejez\u0151 f\u00e1zis mag\u00e1ban foglalja a homlokzat, a bels\u0151 burkolat, a fest\u00e9k, a vakolat vagy egy\u00e9b anyagok v\u00e9kony r\u00e9tegeit, az \u00e9p\u00fclet c\u00e9lj\u00e1t\u00f3l \u00e9s kialak\u00edt\u00e1s\u00e1t\u00f3l f\u00fcgg\u0151en. A STIROTON sima fel\u00fclet\u00e9nek k\u00f6sz\u00f6nhet\u0151en a befejez\u0151 munka egyszer\u0171 \u00e9s minim\u00e1lis korrekci\u00f3t ig\u00e9nyel.\t<\/p>\n\t\t\t<\/div>\n\t\t<\/div>\n\t<\/div>\n<\/div>\n\t<\/div>\n<\/div>\n\t\t\t\t<\/div>\n\t\t\t\t<\/div>\n\t\t\t\t<div class=\"elementor-element elementor-element-e6fe7e4 elementor-widget elementor-widget-spacer\" data-id=\"e6fe7e4\" data-element_type=\"widget\" data-widget_type=\"spacer.default\">\n\t\t\t\t<div class=\"elementor-widget-container\">\n\t\t\t\t\t\t\t<div class=\"elementor-spacer\">\n\t\t\t<div class=\"elementor-spacer-inner\"><\/div>\n\t\t<\/div>\n\t\t\t\t\t\t<\/div>\n\t\t\t\t<\/div>\n\t\t\t\t\t<\/div>\n\t\t\t\t<\/div>\n\t\t\t\t<\/div>","protected":false},"excerpt":{"rendered":"<p>\u00c9p\u00edt\u00e9si (rohbau) objektumok l\u00e9trehoz\u00e1s\u00e1nak folyamata 1. M\u0171helyrajzok A folyamat a projektdokument\u00e1ci\u00f3 pontos elk\u00e9sz\u00edt\u00e9s\u00e9vel kezd\u0151dik. Elk\u00e9sz\u00fclnek a m\u0171helyrajzok, amelyek meghat\u00e1rozz\u00e1k a geometri\u00e1t, a vasal\u00e1sok poz\u00edci\u00f3it, a csatlakoz\u00e1sokat \u00e9s...<\/p>","protected":false},"author":1,"featured_media":0,"parent":0,"menu_order":3,"comment_status":"closed","ping_status":"closed","template":"elementor_header_footer","meta":{"footnotes":""},"class_list":["post-539","page","type-page","status-publish","hentry"],"acf":[],"_links":{"self":[{"href":"https:\/\/stiroton.com\/hu\/wp-json\/wp\/v2\/pages\/539","targetHints":{"allow":["GET"]}}],"collection":[{"href":"https:\/\/stiroton.com\/hu\/wp-json\/wp\/v2\/pages"}],"about":[{"href":"https:\/\/stiroton.com\/hu\/wp-json\/wp\/v2\/types\/page"}],"author":[{"embeddable":true,"href":"https:\/\/stiroton.com\/hu\/wp-json\/wp\/v2\/users\/1"}],"replies":[{"embeddable":true,"href":"https:\/\/stiroton.com\/hu\/wp-json\/wp\/v2\/comments?post=539"}],"version-history":[{"count":0,"href":"https:\/\/stiroton.com\/hu\/wp-json\/wp\/v2\/pages\/539\/revisions"}],"wp:attachment":[{"href":"https:\/\/stiroton.com\/hu\/wp-json\/wp\/v2\/media?parent=539"}],"curies":[{"name":"munkaf\u00fczet","href":"https:\/\/api.w.org\/{rel}","templated":true}]}}