{"id":996,"date":"2025-09-02T15:19:49","date_gmt":"2025-09-02T13:19:49","guid":{"rendered":"https:\/\/stiroton.com\/?page_id=996"},"modified":"2025-09-02T15:22:00","modified_gmt":"2025-09-02T13:22:00","slug":"sve-kategorije","status":"publish","type":"page","link":"https:\/\/stiroton.com\/hu\/sve-kategorije\/","title":{"rendered":"Minden kateg\u00f3ria"},"content":{"rendered":"<div id=\"directorist\" class=\"atbd_wrapper directorist-w-100\">\n    <div class=\"directorist-container-fluid\">\n        <div class=\"directorist-categories\" data-attrs=\"{&quot;view&quot;:&quot;grid&quot;,&quot;orderby&quot;:&quot;id&quot;,&quot;order&quot;:&quot;asc&quot;,&quot;cat_per_page&quot;:100,&quot;loc_per_page&quot;:100,&quot;columns&quot;:&quot;4&quot;,&quot;slug&quot;:&quot;&quot;,&quot;logged_in_user_only&quot;:&quot;&quot;,&quot;redirect_page_url&quot;:&quot;&quot;,&quot;directory_type&quot;:&quot;&quot;,&quot;default_directory_type&quot;:&quot;&quot;,&quot;type&quot;:&quot;category&quot;}\">\n                                        <div class=\"directorist-row taxonomy-category-wrapper\">\n                                            <div class=\"directorist-col-3\">\n                            <div class=\"directorist-categories__single directorist-categories__single--style-one\" style=\"background-image: url('none')\">\n                                <div class=\"directorist-categories__single__content\">\n                                                                            <div class=\"directorist-categories__single__icon\">\n                                            <i class=\"directorist-icon-mask\" aria-hidden=\"true\" style=\"--directorist-icon: url(https:\/\/stiroton.com\/wp-content\/plugins\/directorist\/assets\/icons\/font-awesome\/svgs\/solid\/lightbulb.svg)\"><\/i>                                        <\/div>\n                                                                        <a href=\"https:\/\/stiroton.com\/hu\/single-category\/arhitektonske-vizije\/\" class=\"directorist-categories__single__name\">\n                                        \u00c9p\u00edt\u00e9szeti v\u00edzi\u00f3k                                    <\/a>\n                                                                    <\/div>\n                            <\/div>\n                        <\/div>\n                                            <div class=\"directorist-col-3\">\n                            <div class=\"directorist-categories__single directorist-categories__single--style-one\" style=\"background-image: url('none')\">\n                                <div class=\"directorist-categories__single__content\">\n                                                                            <div class=\"directorist-categories__single__icon\">\n                                            <i class=\"directorist-icon-mask\" aria-hidden=\"true\" style=\"--directorist-icon: url(https:\/\/stiroton.com\/wp-content\/plugins\/directorist\/assets\/icons\/font-awesome\/svgs\/solid\/rss.svg)\"><\/i>                                        <\/div>\n                                                                        <a href=\"https:\/\/stiroton.com\/hu\/single-category\/podzemni-objekti\/\" class=\"directorist-categories__single__name\">\n                                        F\u00f6ldalatti l\u00e9tes\u00edtm\u00e9nyek                                    <\/a>\n                                                                    <\/div>\n                            <\/div>\n                        <\/div>\n                                            <div class=\"directorist-col-3\">\n                            <div class=\"directorist-categories__single directorist-categories__single--style-one\" style=\"background-image: url('none')\">\n                                <div class=\"directorist-categories__single__content\">\n                                                                            <div class=\"directorist-categories__single__icon\">\n                                            <i class=\"directorist-icon-mask\" aria-hidden=\"true\" style=\"--directorist-icon: url(https:\/\/stiroton.com\/wp-content\/plugins\/directorist\/assets\/icons\/font-awesome\/svgs\/solid\/water.svg)\"><\/i>                                        <\/div>\n                                                                        <a href=\"https:\/\/stiroton.com\/hu\/single-category\/plutajuci-objekti\/\" class=\"directorist-categories__single__name\">\n                                        Lebeg\u0151 objektumok                                    <\/a>\n                                                                    <\/div>\n                            <\/div>\n                        <\/div>\n                                            <div class=\"directorist-col-3\">\n                            <div class=\"directorist-categories__single directorist-categories__single--style-one\" style=\"background-image: url('none')\">\n                                <div class=\"directorist-categories__single__content\">\n                                                                            <div class=\"directorist-categories__single__icon\">\n                                            <i class=\"directorist-icon-mask\" aria-hidden=\"true\" style=\"--directorist-icon: url(https:\/\/stiroton.com\/wp-content\/plugins\/directorist\/assets\/icons\/font-awesome\/svgs\/regular\/building.svg)\"><\/i>                                        <\/div>\n                                                                        <a href=\"https:\/\/stiroton.com\/hu\/single-category\/fasadni-elementi\/\" class=\"directorist-categories__single__name\">\n                                        Homlokzati elemek                                    <\/a>\n                                                                    <\/div>\n                            <\/div>\n                        <\/div>\n                                            <div class=\"directorist-col-3\">\n                            <div class=\"directorist-categories__single directorist-categories__single--style-one\" style=\"background-image: url('none')\">\n                                <div class=\"directorist-categories__single__content\">\n                                                                            <div class=\"directorist-categories__single__icon\">\n                                            <i class=\"directorist-icon-mask\" aria-hidden=\"true\" style=\"--directorist-icon: url(https:\/\/stiroton.com\/wp-content\/plugins\/directorist\/assets\/icons\/font-awesome\/svgs\/solid\/cubes.svg)\"><\/i>                                        <\/div>\n                                                                        <a href=\"https:\/\/stiroton.com\/hu\/single-category\/modularni-objekti\/\" class=\"directorist-categories__single__name\">\n                                        Modul\u00e1ris \u00e9p\u00fcletek                                    <\/a>\n                                                                    <\/div>\n                            <\/div>\n                        <\/div>\n                                            <div class=\"directorist-col-3\">\n                            <div class=\"directorist-categories__single directorist-categories__single--style-one\" style=\"background-image: url('none')\">\n                                <div class=\"directorist-categories__single__content\">\n                                                                            <div class=\"directorist-categories__single__icon\">\n                                            <i class=\"directorist-icon-mask\" aria-hidden=\"true\" style=\"--directorist-icon: url(https:\/\/stiroton.com\/wp-content\/plugins\/directorist\/assets\/icons\/font-awesome\/svgs\/solid\/igloo.svg)\"><\/i>                                        <\/div>\n                                                                        <a href=\"https:\/\/stiroton.com\/hu\/single-category\/zakrivljene-zgrade\/\" class=\"directorist-categories__single__name\">\n                                        \u00cdvelt \u00e9p\u00fcletek                                    <\/a>\n                                                                    <\/div>\n                            <\/div>\n                        <\/div>\n                                            <div class=\"directorist-col-3\">\n                            <div class=\"directorist-categories__single directorist-categories__single--style-one\" style=\"background-image: url('none')\">\n                                <div class=\"directorist-categories__single__content\">\n                                                                            <div class=\"directorist-categories__single__icon\">\n                                            <i class=\"directorist-icon-mask\" aria-hidden=\"true\" style=\"--directorist-icon: url(https:\/\/stiroton.com\/wp-content\/plugins\/directorist\/assets\/icons\/font-awesome\/svgs\/solid\/chart-pie.svg)\"><\/i>                                        <\/div>\n                                                                        <a href=\"https:\/\/stiroton.com\/hu\/single-category\/dodaci-gradevinama\/\" class=\"directorist-categories__single__name\">\n                                        \u00c9p\u00fcletb\u0151v\u00edt\u00e9sek                                    <\/a>\n                                                                    <\/div>\n                            <\/div>\n                        <\/div>\n                                            <div class=\"directorist-col-3\">\n                            <div class=\"directorist-categories__single directorist-categories__single--style-one\" style=\"background-image: url('none')\">\n                                <div class=\"directorist-categories__single__content\">\n                                                                            <div class=\"directorist-categories__single__icon\">\n                                            <i class=\"directorist-icon-mask\" aria-hidden=\"true\" style=\"--directorist-icon: url(https:\/\/stiroton.com\/wp-content\/plugins\/directorist\/assets\/icons\/font-awesome\/svgs\/regular\/circle.svg)\"><\/i>                                        <\/div>\n                                                                        <a href=\"https:\/\/stiroton.com\/hu\/single-category\/bazeni\/\" class=\"directorist-categories__single__name\">\n                                        \u00dasz\u00f3medenc\u00e9k                                    <\/a>\n                                                                    <\/div>\n                            <\/div>\n                        <\/div>\n                                            <div class=\"directorist-col-3\">\n                            <div class=\"directorist-categories__single directorist-categories__single--style-one\" style=\"background-image: url('none')\">\n                                <div class=\"directorist-categories__single__content\">\n                                                                            <div class=\"directorist-categories__single__icon\">\n                                            <i class=\"directorist-icon-mask\" aria-hidden=\"true\" style=\"--directorist-icon: url(https:\/\/stiroton.com\/wp-content\/plugins\/directorist\/assets\/icons\/font-awesome\/svgs\/solid\/mountain.svg)\"><\/i>                                        <\/div>\n                                                                        <a href=\"https:\/\/stiroton.com\/hu\/single-category\/umjetne-stijene\/\" class=\"directorist-categories__single__name\">\n                                        Mesters\u00e9ges szikl\u00e1k                                    <\/a>\n                                                                    <\/div>\n                            <\/div>\n                        <\/div>\n                                            <div class=\"directorist-col-3\">\n                            <div class=\"directorist-categories__single directorist-categories__single--style-one\" style=\"background-image: url('none')\">\n                                <div class=\"directorist-categories__single__content\">\n                                                                            <div class=\"directorist-categories__single__icon\">\n                                            <i class=\"directorist-icon-mask\" aria-hidden=\"true\" style=\"--directorist-icon: url(https:\/\/stiroton.com\/wp-content\/plugins\/directorist\/assets\/icons\/font-awesome\/svgs\/solid\/rainbow.svg)\"><\/i>                                        <\/div>\n                                                                        <a href=\"https:\/\/stiroton.com\/hu\/single-category\/paviljoni\/\" class=\"directorist-categories__single__name\">\n                                        Pavilonok                                    <\/a>\n                                                                    <\/div>\n                            <\/div>\n                        <\/div>\n                                            <div class=\"directorist-col-3\">\n                            <div class=\"directorist-categories__single directorist-categories__single--style-one\" style=\"background-image: url('none')\">\n                                <div class=\"directorist-categories__single__content\">\n                                                                            <div class=\"directorist-categories__single__icon\">\n                                            <i class=\"directorist-icon-mask\" aria-hidden=\"true\" style=\"--directorist-icon: url(https:\/\/stiroton.com\/wp-content\/plugins\/directorist\/assets\/icons\/font-awesome\/svgs\/solid\/shapes.svg)\"><\/i>                                        <\/div>\n                                                                        <a href=\"https:\/\/stiroton.com\/hu\/single-category\/interijeri\/\" class=\"directorist-categories__single__name\">\n                                        Bels\u0151 terek                                    <\/a>\n                                                                    <\/div>\n                            <\/div>\n                        <\/div>\n                                            <div class=\"directorist-col-3\">\n                            <div class=\"directorist-categories__single directorist-categories__single--style-one\" style=\"background-image: url('none')\">\n                                <div class=\"directorist-categories__single__content\">\n                                                                            <div class=\"directorist-categories__single__icon\">\n                                            <i class=\"directorist-icon-mask\" aria-hidden=\"true\" style=\"--directorist-icon: url(https:\/\/stiroton.com\/wp-content\/plugins\/directorist\/assets\/icons\/font-awesome\/svgs\/solid\/city.svg)\"><\/i>                                        <\/div>\n                                                                        <a href=\"https:\/\/stiroton.com\/hu\/single-category\/pravokutne-zgrade\/\" class=\"directorist-categories__single__name\">\n                                        T\u00e9glalap alak\u00fa \u00e9p\u00fcletek                                    <\/a>\n                                                                    <\/div>\n                            <\/div>\n                        <\/div>\n                                            <div class=\"directorist-col-3\">\n                            <div class=\"directorist-categories__single directorist-categories__single--style-one\" style=\"background-image: url('none')\">\n                                <div class=\"directorist-categories__single__content\">\n                                                                            <div class=\"directorist-categories__single__icon\">\n                                            <i class=\"directorist-icon-mask\" aria-hidden=\"true\" style=\"--directorist-icon: url(https:\/\/stiroton.com\/wp-content\/plugins\/directorist\/assets\/icons\/font-awesome\/svgs\/solid\/landmark.svg)\"><\/i>                                        <\/div>\n                                                                        <a href=\"https:\/\/stiroton.com\/hu\/single-category\/sajamski-standovi\/\" class=\"directorist-categories__single__name\">\n                                        V\u00e1s\u00e1ri standok                                    <\/a>\n                                                                    <\/div>\n                            <\/div>\n                        <\/div>\n                                                        <\/div>\n                    <\/div>\n    <\/div>\n<\/div>\n\n\n\n\n\n<p><\/p>","protected":false},"excerpt":{"rendered":"","protected":false},"author":1,"featured_media":0,"parent":0,"menu_order":10,"comment_status":"closed","ping_status":"closed","template":"","meta":{"footnotes":""},"class_list":["post-996","page","type-page","status-publish","hentry"],"acf":[],"_links":{"self":[{"href":"https:\/\/stiroton.com\/hu\/wp-json\/wp\/v2\/pages\/996","targetHints":{"allow":["GET"]}}],"collection":[{"href":"https:\/\/stiroton.com\/hu\/wp-json\/wp\/v2\/pages"}],"about":[{"href":"https:\/\/stiroton.com\/hu\/wp-json\/wp\/v2\/types\/page"}],"author":[{"embeddable":true,"href":"https:\/\/stiroton.com\/hu\/wp-json\/wp\/v2\/users\/1"}],"replies":[{"embeddable":true,"href":"https:\/\/stiroton.com\/hu\/wp-json\/wp\/v2\/comments?post=996"}],"version-history":[{"count":0,"href":"https:\/\/stiroton.com\/hu\/wp-json\/wp\/v2\/pages\/996\/revisions"}],"wp:attachment":[{"href":"https:\/\/stiroton.com\/hu\/wp-json\/wp\/v2\/media?parent=996"}],"curies":[{"name":"munkaf\u00fczet","href":"https:\/\/api.w.org\/{rel}","templated":true}]}}