{"id":12,"date":"2025-01-23T18:24:50","date_gmt":"2025-01-23T17:24:50","guid":{"rendered":"https:\/\/stiroton.com\/terms-of-service\/"},"modified":"2025-02-23T14:46:42","modified_gmt":"2025-02-23T13:46:42","slug":"terms-of-service","status":"publish","type":"page","link":"https:\/\/stiroton.com\/it\/terms-of-service\/","title":{"rendered":"Termini e Condizioni"},"content":{"rendered":"<p><strong>Termini e condizioni STIROTON<\/strong><\/p>\n\n\n\n<p><strong>Termini e Condizioni<\/strong><br>Ultimo aggiornamento: 23 febbraio 2025.<\/p>\n\n\n\n<p>Si prega di leggere attentamente i presenti termini e condizioni prima di utilizzare il nostro servizio.<\/p>\n\n\n\n<p><strong>Interpretazione e definizioni<\/strong><br><em>Interpretazione<\/em><br>Le parole la cui prima lettera \u00e8 maiuscola hanno significati definiti nelle seguenti condizioni. Le seguenti definizioni hanno lo stesso significato indipendentemente dal fatto che appaiano al singolare o al plurale.<\/p>\n\n\n\n<p><strong>Definizioni<\/strong><br>Ai fini dei presenti Termini e Condizioni:<\/p>\n\n\n\n<ul class=\"wp-block-list\">\n<li><em>Societ\u00e0 affiliata<\/em> indica un&#039;entit\u00e0 che controlla, \u00e8 controllata da o \u00e8 sotto il controllo comune di una parte, dove &quot;controllo&quot; significa propriet\u00e0 di 50% o pi\u00f9 azioni, partecipazioni azionarie o altri titoli con diritto di voto per l&#039;elezione di amministratori o altri organi di governo.<\/li>\n\n\n\n<li><em>Stato<\/em> si riferisce a: Croazia.<\/li>\n\n\n\n<li><em>Societ\u00e0<\/em> (indicata nel presente Contratto come &quot;Societ\u00e0&quot;, &quot;Noi&quot;, &quot;Ci&quot; o &quot;Nostro&quot;) si riferisce a Litty Studio jdoo, Priles 2a, Ludbreg, Croazia.<\/li>\n\n\n\n<li><em>Dispositivo<\/em> indica qualsiasi dispositivo che pu\u00f2 accedere al Servizio, come un computer, un telefono cellulare o un tablet digitale.<\/li>\n\n\n\n<li><em>Servizio<\/em> si riferisce al sito web.<\/li>\n\n\n\n<li><em>Termini e Condizioni<\/em> (definiti anche &quot;Termini&quot;) costituiscono l&#039;intero accordo tra te e la Societ\u00e0 in merito al tuo utilizzo del Servizio. Il presente accordo sui Termini e Condizioni \u00e8 stato creato con l&#039;ausilio di un generatore gratuito di termini e condizioni.<\/li>\n\n\n\n<li><em>Servizio di social media di terze parti<\/em> si riferisce a qualsiasi servizio o contenuto (inclusi dati, informazioni, prodotti o servizi) fornito da terze parti che pu\u00f2 essere visualizzato, incluso o accessibile tramite il Servizio.<\/li>\n\n\n\n<li><em>Sito web<\/em> si riferisce a STIROTON, disponibile presso <a>https:\/\/stiroton.com\/<\/a>.<\/li>\n\n\n\n<li><em>Voi<\/em> indica un individuo che accede o utilizza il Servizio, oppure l&#039;entit\u00e0 giuridica per conto della quale tale individuo accede o utilizza il Servizio, a seconda dei casi.<\/li>\n<\/ul>\n\n\n\n<p><strong>Accettazione<\/strong><br>I presenti Termini e Condizioni regolano l&#039;utilizzo del Servizio e costituiscono un accordo tra te e la Societ\u00e0. I presenti Termini e Condizioni stabiliscono i diritti e gli obblighi di tutti gli utenti in relazione all&#039;utilizzo del Servizio.<\/p>\n\n\n\n<p>L&#039;accesso e l&#039;utilizzo del Servizio sono subordinati all&#039;accettazione e al rispetto dei presenti Termini e Condizioni. I presenti Termini e Condizioni si applicano a tutti i visitatori, utenti e altri soggetti che accedono o utilizzano il Servizio.<\/p>\n\n\n\n<p>Accedendo o utilizzando il Servizio, l&#039;utente accetta di essere vincolato dai presenti Termini e Condizioni. Se non accetti una qualsiasi parte di questi Termini e Condizioni, non potrai accedere al Servizio.<\/p>\n\n\n\n<p>Dichiari di avere pi\u00f9 di 18 anni. La Societ\u00e0 non consente l&#039;utilizzo del Servizio a persone di et\u00e0 inferiore a 18 anni.<\/p>\n\n\n\n<p>L&#039;accesso e l&#039;utilizzo del Servizio sono inoltre subordinati all&#039;accettazione e al rispetto dell&#039;Informativa sulla privacy della Societ\u00e0. La nostra Informativa sulla privacy descrive le nostre politiche e procedure riguardanti la raccolta, l&#039;uso e la divulgazione dei tuoi dati personali quando utilizzi l&#039;Applicazione o il Sito Web e ti informa sui tuoi diritti alla privacy e su come la legge ti protegge. Si prega di leggere attentamente la nostra Informativa sulla privacy prima di utilizzare il nostro Servizio.<\/p>\n\n\n\n<p><strong>Link ad altri siti web<\/strong><br>Il nostro Servizio potrebbe contenere link a siti web o servizi di terze parti che non sono di propriet\u00e0 o controllati dalla Societ\u00e0.<\/p>\n\n\n\n<p>La Societ\u00e0 non ha alcun controllo sul contenuto, sulle politiche sulla privacy o sulle pratiche di siti web o servizi di terze parti e non si assume alcuna responsabilit\u00e0 per essi. L&#039;utente riconosce e accetta inoltre che la Societ\u00e0 non sar\u00e0 responsabile, direttamente o indirettamente, per eventuali danni o perdite causati o presumibilmente causati dall&#039;uso o dall&#039;affidamento su tali contenuti, beni o servizi disponibili su tali siti web o servizi.<\/p>\n\n\n\n<p>Ti consigliamo di leggere i termini e le condizioni e le informative sulla privacy di tutti i siti web o servizi di terze parti che visiti.<\/p>\n\n\n\n<p><strong>Cessazione dell&#039;uso<\/strong><br>Potremmo interrompere o sospendere immediatamente il tuo accesso, senza preavviso o responsabilit\u00e0, per qualsiasi motivo, incluso, senza limitazioni, in caso di violazione dei presenti Termini e Condizioni.<\/p>\n\n\n\n<p>Alla risoluzione, il tuo diritto di utilizzare il Servizio cesser\u00e0 immediatamente.<\/p>\n\n\n\n<p>(&#8230;)<\/p>\n\n\n\n<p><strong>Contattaci<\/strong><br>Se hai domande riguardanti questi Termini e Condizioni, puoi contattarci:<\/p>\n\n\n\n<p>Via e-mail: <a>info@stiroton.com<\/a><\/p>","protected":false},"excerpt":{"rendered":"<p>Uvjeti i odredbe za STIROTON Uvjeti i odredbeZadnje a\u017euriranje: 23. velja\u010de 2025. Molimo vas da pa\u017eljivo pro\u010ditate ove uvjete i odredbe prije kori\u0161tenja na\u0161e usluge.&hellip;<\/p>","protected":false},"author":1,"featured_media":0,"parent":0,"menu_order":29,"comment_status":"closed","ping_status":"closed","template":"","meta":{"footnotes":""},"class_list":["post-12","page","type-page","status-publish","hentry"],"acf":[],"_links":{"self":[{"href":"https:\/\/stiroton.com\/it\/wp-json\/wp\/v2\/pages\/12","targetHints":{"allow":["GET"]}}],"collection":[{"href":"https:\/\/stiroton.com\/it\/wp-json\/wp\/v2\/pages"}],"about":[{"href":"https:\/\/stiroton.com\/it\/wp-json\/wp\/v2\/types\/page"}],"author":[{"embeddable":true,"href":"https:\/\/stiroton.com\/it\/wp-json\/wp\/v2\/users\/1"}],"replies":[{"embeddable":true,"href":"https:\/\/stiroton.com\/it\/wp-json\/wp\/v2\/comments?post=12"}],"version-history":[{"count":0,"href":"https:\/\/stiroton.com\/it\/wp-json\/wp\/v2\/pages\/12\/revisions"}],"wp:attachment":[{"href":"https:\/\/stiroton.com\/it\/wp-json\/wp\/v2\/media?parent=12"}],"curies":[{"name":"parola chiave","href":"https:\/\/api.w.org\/{rel}","templated":true}]}}