{"id":539,"date":"2025-03-15T11:17:32","date_gmt":"2025-03-15T10:17:32","guid":{"rendered":"https:\/\/stiroton.com\/?page_id=539"},"modified":"2025-06-20T13:09:42","modified_gmt":"2025-06-20T11:09:42","slug":"proces","status":"publish","type":"page","link":"https:\/\/stiroton.com\/it\/proces\/","title":{"rendered":"Processo"},"content":{"rendered":"<div data-elementor-type=\"wp-page\" data-elementor-id=\"539\" class=\"elementor elementor-539\" data-elementor-post-type=\"page\">\n\t\t\t\t<div class=\"elementor-element elementor-element-3df602b e-flex e-con-boxed e-con e-parent\" data-id=\"3df602b\" data-element_type=\"container\">\n\t\t\t\t\t<div class=\"e-con-inner\">\n\t\t\t\t<div class=\"elementor-element elementor-element-7cc3b2c elementor-widget elementor-widget-spacer\" data-id=\"7cc3b2c\" data-element_type=\"widget\" data-widget_type=\"spacer.default\">\n\t\t\t\t<div class=\"elementor-widget-container\">\n\t\t\t\t\t\t\t<div class=\"elementor-spacer\">\n\t\t\t<div class=\"elementor-spacer-inner\"><\/div>\n\t\t<\/div>\n\t\t\t\t\t\t<\/div>\n\t\t\t\t<\/div>\n\t\t\t\t<div class=\"elementor-element elementor-element-1f796a6 elementor-widget elementor-widget-heading\" data-id=\"1f796a6\" data-element_type=\"widget\" data-widget_type=\"heading.default\">\n\t\t\t\t<div class=\"elementor-widget-container\">\n\t\t\t\t\t<h2 class=\"elementor-heading-title elementor-size-default\">Il processo di costruzione di un edificio (rohbau)<\/h2>\t\t\t\t<\/div>\n\t\t\t\t<\/div>\n\t\t\t\t<div class=\"elementor-element elementor-element-fac39a0 elementor-widget elementor-widget-spacer\" data-id=\"fac39a0\" data-element_type=\"widget\" data-widget_type=\"spacer.default\">\n\t\t\t\t<div class=\"elementor-widget-container\">\n\t\t\t\t\t\t\t<div class=\"elementor-spacer\">\n\t\t\t<div class=\"elementor-spacer-inner\"><\/div>\n\t\t<\/div>\n\t\t\t\t\t\t<\/div>\n\t\t\t\t<\/div>\n\t\t\t\t<div class=\"elementor-element elementor-element-7f00315 elementor-widget elementor-widget-qi_addons_for_elementor_process\" data-id=\"7f00315\" data-element_type=\"widget\" data-widget_type=\"qi_addons_for_elementor_process.default\">\n\t\t\t\t<div class=\"elementor-widget-container\">\n\t\t\t\t\t<div class=\"qodef-shortcode qodef-m qodef-qi-process qodef-qi--has-appear qodef-qi-grid qodef-layout--qi-columns qodef-col-num--1 qodef-item-layout--vertical qodef-responsive--predefined\">\n\t<div class=\"qodef-grid-inner\">\n\t\t<div class=\"qodef-e qodef-process-item qodef-grid-item elementor-repeater-item-7e2d107\">\n\t<div class=\"qodef-e-inner\">\n\t\t<div class=\"qodef-e-content\">\n\t\t\t<div class=\"qodef-e-icon-holder\">\n\t<div class=\"qodef-e-icon\">\n\t\t\t\t\t<span class=\"qodef-e-item-icon-text\">\n\t\t\t\t1.\t\t\t<\/span>\n\t\t\t<\/div>\n\t<div class=\"qodef-e-line\">\n\t\t<div class=\"qodef-e-line-inner\"><\/div>\n\t<\/div>\n<\/div>\n\t\t\t<div class=\"qodef-e-text-wrapper\">\n\t\t\t\t\t<h5 class=\"qodef-e-title\">\n\t\tDisegni di officina\t<\/h5>\n\t\t\t\t\t<p class=\"qodef-e-text\">\n\t\tIl processo inizia con la preparazione accurata della documentazione di progetto. Vengono creati disegni di officina che definiscono la geometria, la posizione delle armature, i collegamenti e tutti i dettagli tecnici necessari per la produzione dei cestelli in acciaio e la posa del calcestruzzo STIROTON.\t<\/p>\n\t\t\t<\/div>\n\t\t<\/div>\n\t<\/div>\n<\/div>\n<div class=\"qodef-e qodef-process-item qodef-grid-item elementor-repeater-item-37fc6e6\">\n\t<div class=\"qodef-e-inner\">\n\t\t<div class=\"qodef-e-content\">\n\t\t\t<div class=\"qodef-e-icon-holder\">\n\t<div class=\"qodef-e-icon\">\n\t\t\t\t\t<span class=\"qodef-e-item-icon-text\">\n\t\t\t\t2.\t\t\t<\/span>\n\t\t\t<\/div>\n\t<div class=\"qodef-e-line\">\n\t\t<div class=\"qodef-e-line-inner\"><\/div>\n\t<\/div>\n<\/div>\n\t\t\t<div class=\"qodef-e-text-wrapper\">\n\t\t\t\t\t<h5 class=\"qodef-e-title\">\n\t\tFare cestini\t<\/h5>\n\t\t\t\t\t<p class=\"qodef-e-text\">\n\t\tSulla base dei progetti, in condizioni controllate, vengono realizzati i cestelli in acciaio: telai spaziali in cemento armato che costituiscono la struttura portante dell&#039;edificio. I cestelli definiscono il volume delle future pareti e consentono una capacit\u00e0 portante ottimale con un peso costruttivo minimo.\t<\/p>\n\t\t\t<\/div>\n\t\t<\/div>\n\t<\/div>\n<\/div>\n<div class=\"qodef-e qodef-process-item qodef-grid-item elementor-repeater-item-668d265\">\n\t<div class=\"qodef-e-inner\">\n\t\t<div class=\"qodef-e-content\">\n\t\t\t<div class=\"qodef-e-icon-holder\">\n\t<div class=\"qodef-e-icon\">\n\t\t\t\t\t<span class=\"qodef-e-item-icon-text\">\n\t\t\t\t3.\t\t\t<\/span>\n\t\t\t<\/div>\n\t<div class=\"qodef-e-line\">\n\t\t<div class=\"qodef-e-line-inner\"><\/div>\n\t<\/div>\n<\/div>\n\t\t\t<div class=\"qodef-e-text-wrapper\">\n\t\t\t\t\t<h5 class=\"qodef-e-title\">\n\t\tzincatura a caldo\t<\/h5>\n\t\t\t\t\t<p class=\"qodef-e-text\">\n\t\tTutti i cestelli e gli elementi di rinforzo sono sottoposti al processo di zincatura a caldo, che ne garantisce la resistenza a lungo termine alla corrosione, aspetto particolarmente importante in aree con elevata umidit\u00e0 o atmosfera aggressiva.\t<\/p>\n\t\t\t<\/div>\n\t\t<\/div>\n\t<\/div>\n<\/div>\n<div class=\"qodef-e qodef-process-item qodef-grid-item elementor-repeater-item-66cad2e\">\n\t<div class=\"qodef-e-inner\">\n\t\t<div class=\"qodef-e-content\">\n\t\t\t<div class=\"qodef-e-icon-holder\">\n\t<div class=\"qodef-e-icon\">\n\t\t\t\t\t<span class=\"qodef-e-item-icon-text\">\n\t\t\t\t4.\t\t\t<\/span>\n\t\t\t<\/div>\n\t<div class=\"qodef-e-line\">\n\t\t<div class=\"qodef-e-line-inner\"><\/div>\n\t<\/div>\n<\/div>\n\t\t\t<div class=\"qodef-e-text-wrapper\">\n\t\t\t\t\t<h5 class=\"qodef-e-title\">\n\t\tTrasporto e installazione\t<\/h5>\n\t\t\t\t\t<p class=\"qodef-e-text\">\n\t\tI cestelli zincati finiti vengono trasportati in cantiere e montati su fondazioni predisposte. Grazie alla prefabbricazione e alla modularit\u00e0, il montaggio \u00e8 rapido e preciso, con interventi minimi in loco.\t<\/p>\n\t\t\t<\/div>\n\t\t<\/div>\n\t<\/div>\n<\/div>\n<div class=\"qodef-e qodef-process-item qodef-grid-item elementor-repeater-item-21c7216\">\n\t<div class=\"qodef-e-inner\">\n\t\t<div class=\"qodef-e-content\">\n\t\t\t<div class=\"qodef-e-icon-holder\">\n\t<div class=\"qodef-e-icon\">\n\t\t\t\t\t<span class=\"qodef-e-item-icon-text\">\n\t\t\t\t5.\t\t\t<\/span>\n\t\t\t<\/div>\n\t<div class=\"qodef-e-line\">\n\t\t<div class=\"qodef-e-line-inner\"><\/div>\n\t<\/div>\n<\/div>\n\t\t\t<div class=\"qodef-e-text-wrapper\">\n\t\t\t\t\t<h5 class=\"qodef-e-title\">\n\t\tInstallazione di STIROTON\t<\/h5>\n\t\t\t\t\t<p class=\"qodef-e-text\">\n\t\tNei cestelli predisposti viene colato il calcestruzzo STIROTON, un calcestruzzo EPS ultraleggero che riempie la struttura, avvolge l&#039;armatura e, dopo la presa, si trasforma in una massa solida, isolante e portante. Il getto viene effettuato tramite un impianto mobile direttamente in cantiere.\t<\/p>\n\t\t\t<\/div>\n\t\t<\/div>\n\t<\/div>\n<\/div>\n<div class=\"qodef-e qodef-process-item qodef-grid-item elementor-repeater-item-31e2080\">\n\t<div class=\"qodef-e-inner\">\n\t\t<div class=\"qodef-e-content\">\n\t\t\t<div class=\"qodef-e-icon-holder\">\n\t<div class=\"qodef-e-icon\">\n\t\t\t\t\t<span class=\"qodef-e-item-icon-text\">\n\t\t\t\t6.\t\t\t<\/span>\n\t\t\t<\/div>\n\t<div class=\"qodef-e-line\">\n\t\t<div class=\"qodef-e-line-inner\"><\/div>\n\t<\/div>\n<\/div>\n\t\t\t<div class=\"qodef-e-text-wrapper\">\n\t\t\t\t\t<h5 class=\"qodef-e-title\">\n\t\tRinforzi antisismici\t<\/h5>\n\t\t\t\t\t<p class=\"qodef-e-text\">\n\t\tSe necessario, vengono aggiunti rinforzi sismici supplementari, come reti FRCM (compositi fibrosi a base minerale), che aumentano ulteriormente la resistenza della struttura ai carichi orizzontali e ai terremoti.\t<\/p>\n\t\t\t<\/div>\n\t\t<\/div>\n\t<\/div>\n<\/div>\n<div class=\"qodef-e qodef-process-item qodef-grid-item elementor-repeater-item-a0037c7\">\n\t<div class=\"qodef-e-inner\">\n\t\t<div class=\"qodef-e-content\">\n\t\t\t<div class=\"qodef-e-icon-holder\">\n\t<div class=\"qodef-e-icon\">\n\t\t\t\t\t<span class=\"qodef-e-item-icon-text\">\n\t\t\t\t7.\t\t\t<\/span>\n\t\t\t<\/div>\n\t<div class=\"qodef-e-line\">\n\t\t<div class=\"qodef-e-line-inner\"><\/div>\n\t<\/div>\n<\/div>\n\t\t\t<div class=\"qodef-e-text-wrapper\">\n\t\t\t\t\t<h5 class=\"qodef-e-title\">\n\t\tstrato idro ruvido\t<\/h5>\n\t\t\t\t\t<p class=\"qodef-e-text\">\n\t\tDopo l&#039;indurimento di STIROTON viene applicato uno strato impermeabilizzante ruvido, che protegge l&#039;oggetto dalla penetrazione dell&#039;umidit\u00e0 e ne garantisce la durevolezza, soprattutto nelle parti a contatto con il terreno o con gli agenti esterni.\t<\/p>\n\t\t\t<\/div>\n\t\t<\/div>\n\t<\/div>\n<\/div>\n<div class=\"qodef-e qodef-process-item qodef-grid-item elementor-repeater-item-be89683\">\n\t<div class=\"qodef-e-inner\">\n\t\t<div class=\"qodef-e-content\">\n\t\t\t<div class=\"qodef-e-icon-holder\">\n\t<div class=\"qodef-e-icon\">\n\t\t\t\t\t<span class=\"qodef-e-item-icon-text\">\n\t\t\t\t8.\t\t\t<\/span>\n\t\t\t<\/div>\n\t<div class=\"qodef-e-line\">\n\t\t<div class=\"qodef-e-line-inner\"><\/div>\n\t<\/div>\n<\/div>\n\t\t\t<div class=\"qodef-e-text-wrapper\">\n\t\t\t\t\t<h5 class=\"qodef-e-title\">\n\t\tFinitura\t<\/h5>\n\t\t\t\t\t<p class=\"qodef-e-text\">\n\t\tLa fase di finitura prevede l&#039;applicazione di sottili strati di rivestimento esterno, interno, pittura, intonaco o altri materiali, a seconda della destinazione d&#039;uso e del design dell&#039;edificio. Grazie alla superficie liscia di STIROTON, la finitura \u00e8 semplice e richiede minime correzioni.\t<\/p>\n\t\t\t<\/div>\n\t\t<\/div>\n\t<\/div>\n<\/div>\n\t<\/div>\n<\/div>\n\t\t\t\t<\/div>\n\t\t\t\t<\/div>\n\t\t\t\t<div class=\"elementor-element elementor-element-e6fe7e4 elementor-widget elementor-widget-spacer\" data-id=\"e6fe7e4\" data-element_type=\"widget\" data-widget_type=\"spacer.default\">\n\t\t\t\t<div class=\"elementor-widget-container\">\n\t\t\t\t\t\t\t<div class=\"elementor-spacer\">\n\t\t\t<div class=\"elementor-spacer-inner\"><\/div>\n\t\t<\/div>\n\t\t\t\t\t\t<\/div>\n\t\t\t\t<\/div>\n\t\t\t\t\t<\/div>\n\t\t\t\t<\/div>\n\t\t\t\t<\/div>","protected":false},"excerpt":{"rendered":"<p>Proces izrade gra\u0111evinskih (rohbau) objekata 1. Radioni\u010dki nacrti Proces zapo\u010dinje preciznom pripremom projektne dokumentacije. Izra\u0111uju se radioni\u010dki nacrti koji definiraju geometriju, pozicije armature, spojeve i&hellip;<\/p>","protected":false},"author":1,"featured_media":0,"parent":0,"menu_order":3,"comment_status":"closed","ping_status":"closed","template":"elementor_header_footer","meta":{"footnotes":""},"class_list":["post-539","page","type-page","status-publish","hentry"],"acf":[],"_links":{"self":[{"href":"https:\/\/stiroton.com\/it\/wp-json\/wp\/v2\/pages\/539","targetHints":{"allow":["GET"]}}],"collection":[{"href":"https:\/\/stiroton.com\/it\/wp-json\/wp\/v2\/pages"}],"about":[{"href":"https:\/\/stiroton.com\/it\/wp-json\/wp\/v2\/types\/page"}],"author":[{"embeddable":true,"href":"https:\/\/stiroton.com\/it\/wp-json\/wp\/v2\/users\/1"}],"replies":[{"embeddable":true,"href":"https:\/\/stiroton.com\/it\/wp-json\/wp\/v2\/comments?post=539"}],"version-history":[{"count":0,"href":"https:\/\/stiroton.com\/it\/wp-json\/wp\/v2\/pages\/539\/revisions"}],"wp:attachment":[{"href":"https:\/\/stiroton.com\/it\/wp-json\/wp\/v2\/media?parent=539"}],"curies":[{"name":"parola chiave","href":"https:\/\/api.w.org\/{rel}","templated":true}]}}