{"id":12,"date":"2025-01-23T18:24:50","date_gmt":"2025-01-23T17:24:50","guid":{"rendered":"https:\/\/stiroton.com\/terms-of-service\/"},"modified":"2025-02-23T14:46:42","modified_gmt":"2025-02-23T13:46:42","slug":"terms-of-service","status":"publish","type":"page","link":"https:\/\/stiroton.com\/sl\/terms-of-service\/","title":{"rendered":"Pogoji"},"content":{"rendered":"<p><strong>STIROTON Pogoji<\/strong><\/p>\n\n\n\n<p><strong>Pogoji<\/strong><br>Zadnja posodobitev: 23. februar 2025.<\/p>\n\n\n\n<p>Pred uporabo na\u0161e storitve natan\u010dno preberite te pogoje in dolo\u010dila.<\/p>\n\n\n\n<p><strong>Razlaga in definicije<\/strong><br><em>Tolma\u010denje<\/em><br>Besede, katerih prva \u010drka je velika, imajo pomene, opredeljene pod naslednjimi pogoji. Naslednje definicije imajo enak pomen ne glede na to, ali se pojavljajo v ednini ali mno\u017eini.<\/p>\n\n\n\n<p><strong>Definicije<\/strong><br>Za namene teh dolo\u010dil in pogojev:<\/p>\n\n\n\n<ul class=\"wp-block-list\">\n<li><em>Povezano podjetje<\/em> pomeni subjekt, ki nadzoruje, je pod nadzorom ali je pod skupnim nadzorom s stranko, pri \u010demer &quot;nadzor&quot; pomeni lastni\u0161tvo 50% ali ve\u010d delnic, lastni\u0161kih dele\u017eev ali drugih vrednostnih papirjev z glasovalno pravico za izvolitev direktorjev ali drugega organa upravljanja.<\/li>\n\n\n\n<li><em>Dr\u017eava<\/em> se nana\u0161a na: Hrva\u0161ko.<\/li>\n\n\n\n<li><em>Dru\u017eba<\/em> (v tej pogodbi imenovano \u00bbpodjetje\u00ab, \u00bbmi\u00ab, \u00bbnas\u00ab ali \u00bbna\u0161\u00ab) se nana\u0161a na Litty Studio jdoo, Priles 2a, Ludbreg, Hrva\u0161ka.<\/li>\n\n\n\n<li><em>Naprava<\/em> pomeni katero koli napravo, ki lahko dostopa do storitve, kot je ra\u010dunalnik, mobilni telefon ali digitalna tablica.<\/li>\n\n\n\n<li><em>Storitev<\/em> se nana\u0161a na spletno stran.<\/li>\n\n\n\n<li><em>Pogoji<\/em> (imenovani tudi \u00bbpogoji\u00ab) predstavljajo celotno pogodbo med vami in podjetjem glede va\u0161e uporabe storitve. Ta pogodba o dolo\u010dilih in pogojih je bila ustvarjena s pomo\u010djo brezpla\u010dnega generatorja pogojev.<\/li>\n\n\n\n<li><em>Storitev dru\u017ebenih medijev tretjih oseb<\/em> se nana\u0161a na vse storitve ali vsebine (vklju\u010dno s podatki, informacijami, izdelki ali storitvami), ki jih nudi tretja oseba in so lahko prikazane, vklju\u010dene ali dostopne prek storitve.<\/li>\n\n\n\n<li><em>Spletna stran<\/em> se nana\u0161a na STIROTON, dostopen na <a>https:\/\/stiroton.com\/<\/a>.<\/li>\n\n\n\n<li><em>Ti<\/em> pomeni posameznika, ki dostopa ali uporablja storitev, ali pravno osebo, v imenu katere tak posameznik dostopa ali uporablja storitev, kot je primerno.<\/li>\n<\/ul>\n\n\n\n<p><strong>Sprejemanje<\/strong><br>Ta dolo\u010dila in pogoji urejajo uporabo te storitve in predstavljajo pogodbo med vami in podjetjem. Ti pogoji dolo\u010dajo pravice in obveznosti vseh uporabnikov v zvezi z uporabo storitve.<\/p>\n\n\n\n<p>Va\u0161 dostop do storitve in uporaba storitve sta pogojena z va\u0161im sprejetjem in upo\u0161tevanjem teh dolo\u010dil in pogojev. Ti pogoji veljajo za vse obiskovalce, uporabnike in druge, ki dostopajo do storitve ali jo uporabljajo.<\/p>\n\n\n\n<p>Z dostopom ali uporabo storitve se strinjate, da vas zavezujejo ti pogoji. \u010ce se ne strinjate s katerim koli delom teh dolo\u010dil in pogojev, ne morete dostopati do storitve.<\/p>\n\n\n\n<p>Izjavljate, da ste starej\u0161i od 18 let. Podjetje ne dovoljuje uporabe storitve osebam, mlaj\u0161im od 18 let.<\/p>\n\n\n\n<p>Va\u0161 dostop do storitve in uporaba storitve sta pogojena tudi z va\u0161im sprejemanjem in upo\u0161tevanjem politike zasebnosti podjetja. Na\u0161 pravilnik o zasebnosti opisuje na\u0161e politike in postopke glede zbiranja, uporabe in razkritja va\u0161ih osebnih podatkov, ko uporabljate aplikacijo ali spletno mesto, ter vas obve\u0161\u010da o va\u0161ih pravicah do zasebnosti in o tem, kako vas \u0161\u010diti zakon. Pred uporabo na\u0161e storitve natan\u010dno preberite na\u0161 pravilnik o zasebnosti.<\/p>\n\n\n\n<p><strong>Povezave do drugih spletnih strani<\/strong><br>Na\u0161a storitev lahko vsebuje povezave do spletnih mest ali storitev tretjih oseb, ki niso v lasti ali pod nadzorom dru\u017ebe.<\/p>\n\n\n\n<p>Podjetje nima nadzora nad vsebino, politiko zasebnosti ali prakso spletnih mest ali storitev tretjih oseb in zanje ne prevzema nobene odgovornosti. Nadalje potrjujete in se strinjate, da dru\u017eba ni odgovorna ali odgovorna, neposredno ali posredno, za kakr\u0161no koli \u0161kodo ali izgubo, ki je povzro\u010dena ali domnevno povzro\u010dena z uporabo ali zana\u0161anjem na katero koli tak\u0161no vsebino, blago ali storitve, ki so na voljo na takih spletnih mestih ali storitvah.<\/p>\n\n\n\n<p>Svetujemo vam, da preberete dolo\u010dila in pogoje ter pravilnike o zasebnosti vseh spletnih mest ali storitev tretjih oseb, ki jih obi\u0161\u010dete.<\/p>\n\n\n\n<p><strong>Prenehanje uporabe<\/strong><br>Va\u0161 dostop lahko takoj prekinemo ali za\u010dasno onemogo\u010dimo, brez predhodnega obvestila ali odgovornosti, iz katerega koli razloga, vklju\u010dno, brez omejitev, \u010de kr\u0161ite te Pogoje in dolo\u010dila.<\/p>\n\n\n\n<p>Po prekinitvi bo va\u0161a pravica do uporabe storitve takoj prenehala.<\/p>\n\n\n\n<p>(&#8230;)<\/p>\n\n\n\n<p><strong>Kontaktirajte nas<\/strong><br>\u010ce imate kakr\u0161na koli vpra\u0161anja v zvezi s temi dolo\u010dili in pogoji, nas lahko kontaktirate:<\/p>\n\n\n\n<p>po elektronski po\u0161ti: <a>info@stiroton.com<\/a><\/p>","protected":false},"excerpt":{"rendered":"<p>Uvjeti i odredbe za STIROTON Uvjeti i odredbeZadnje a\u017euriranje: 23. velja\u010de 2025. Molimo vas da pa\u017eljivo pro\u010ditate ove uvjete i odredbe prije kori\u0161tenja na\u0161e usluge.&hellip;<\/p>","protected":false},"author":1,"featured_media":0,"parent":0,"menu_order":29,"comment_status":"closed","ping_status":"closed","template":"","meta":{"footnotes":""},"class_list":["post-12","page","type-page","status-publish","hentry"],"acf":[],"_links":{"self":[{"href":"https:\/\/stiroton.com\/sl\/wp-json\/wp\/v2\/pages\/12","targetHints":{"allow":["GET"]}}],"collection":[{"href":"https:\/\/stiroton.com\/sl\/wp-json\/wp\/v2\/pages"}],"about":[{"href":"https:\/\/stiroton.com\/sl\/wp-json\/wp\/v2\/types\/page"}],"author":[{"embeddable":true,"href":"https:\/\/stiroton.com\/sl\/wp-json\/wp\/v2\/users\/1"}],"replies":[{"embeddable":true,"href":"https:\/\/stiroton.com\/sl\/wp-json\/wp\/v2\/comments?post=12"}],"version-history":[{"count":0,"href":"https:\/\/stiroton.com\/sl\/wp-json\/wp\/v2\/pages\/12\/revisions"}],"wp:attachment":[{"href":"https:\/\/stiroton.com\/sl\/wp-json\/wp\/v2\/media?parent=12"}],"curies":[{"name":"delovni list","href":"https:\/\/api.w.org\/{rel}","templated":true}]}}