{"id":231,"date":"2025-02-13T17:50:37","date_gmt":"2025-02-13T16:50:37","guid":{"rendered":"https:\/\/stiroton.com\/?page_id=231"},"modified":"2025-09-26T11:55:35","modified_gmt":"2025-09-26T09:55:35","slug":"eps-beton","status":"publish","type":"page","link":"https:\/\/stiroton.com\/sl\/eps-beton\/","title":{"rendered":"STYROTON"},"content":{"rendered":"<div data-elementor-type=\"wp-page\" data-elementor-id=\"231\" class=\"elementor elementor-231\" data-elementor-post-type=\"page\">\n\t\t\t\t<div class=\"elementor-element elementor-element-d84dbb6 e-con-full e-flex e-con e-parent\" data-id=\"d84dbb6\" data-element_type=\"container\" data-settings=\"{&quot;background_background&quot;:&quot;slideshow&quot;,&quot;background_slideshow_gallery&quot;:[{&quot;id&quot;:1130,&quot;url&quot;:&quot;https:\\\/\\\/stiroton.com\\\/wp-content\\\/uploads\\\/2025\\\/09\\\/STIROTON-1.jpg&quot;}],&quot;background_slideshow_loop&quot;:&quot;yes&quot;,&quot;background_slideshow_slide_duration&quot;:5000,&quot;background_slideshow_slide_transition&quot;:&quot;fade&quot;,&quot;background_slideshow_transition_duration&quot;:500}\">\n\t\t\t\t<div class=\"elementor-element elementor-element-86288b8 elementor-widget elementor-widget-heading\" data-id=\"86288b8\" data-element_type=\"widget\" data-widget_type=\"heading.default\">\n\t\t\t\t<div class=\"elementor-widget-container\">\n\t\t\t\t\t<h2 class=\"elementor-heading-title elementor-size-default\">.<\/h2>\t\t\t\t<\/div>\n\t\t\t\t<\/div>\n\t\t\t\t<\/div>\n\t\t<div class=\"elementor-element elementor-element-ba0f125 e-flex e-con-boxed e-con e-parent\" data-id=\"ba0f125\" data-element_type=\"container\">\n\t\t\t\t\t<div class=\"e-con-inner\">\n\t\t<div class=\"elementor-element elementor-element-4f28b30 e-con-full e-flex e-con e-child\" data-id=\"4f28b30\" data-element_type=\"container\">\n\t\t\t\t<div class=\"elementor-element elementor-element-5151828 elementor-widget elementor-widget-text-editor\" data-id=\"5151828\" data-element_type=\"widget\" data-widget_type=\"text-editor.default\">\n\t\t\t\t<div class=\"elementor-widget-container\">\n\t\t\t\t\t\t\t\t\t<p><strong data-start=\"219\" data-end=\"231\">STYROTON<\/strong> je napreden gradbeni material, izdelan kot me\u0161anica <strong data-start=\"288\" data-end=\"331\">granule ekspandiranega polistirena (EPS)<\/strong>, <strong data-start=\"333\" data-end=\"344\">cement<\/strong>, <strong data-start=\"346\" data-end=\"357\">pesek<\/strong>, <strong data-start=\"359\" data-end=\"367\">voda<\/strong> in posebne <strong data-start=\"379\" data-end=\"390\">dodatki<\/strong>Zahvaljujo\u010d optimizirani recepturi ta lahki beton omogo\u010da kombinacijo odli\u010dne toplotne izolacije in mehanskih lastnosti, z enostavno vgradnjo in visoko donosnostjo.<\/p>\n<h3 data-start=\"568\" data-end=\"595\">Sestava betona STIROTON:<\/h3>\n<ul data-start=\"596\" data-end=\"803\">\n<li data-start=\"596\" data-end=\"637\">\n<p data-start=\"598\" data-end=\"637\">Novi EPS granulati 4-6 mm<\/p>\n<\/li>\n<li data-start=\"638\" data-end=\"683\">\n<p data-start=\"640\" data-end=\"683\">Napredna me\u0161anica cementa in pucolanskega veziva<\/p>\n<\/li>\n<li data-start=\"684\" data-end=\"724\">\n<p data-start=\"686\" data-end=\"724\">Kremenov pesek (0\u20132 mm),<\/p>\n<\/li>\n<li data-start=\"725\" data-end=\"795\">\n<p data-start=\"727\" data-end=\"795\">Vlakna&nbsp;<\/p>\n<\/li>\n<li data-start=\"796\" data-end=\"803\">\n<p data-start=\"798\" data-end=\"803\">Voda.<\/p>\n<\/li>\n<\/ul>\t\t\t\t\t\t\t\t<\/div>\n\t\t\t\t<\/div>\n\t\t\t\t<\/div>\n\t\t<div class=\"elementor-element elementor-element-1f6be3d e-con-full e-flex e-con e-child\" data-id=\"1f6be3d\" data-element_type=\"container\">\n\t\t\t\t<div class=\"elementor-element elementor-element-1502c84 elementor-widget elementor-widget-image\" data-id=\"1502c84\" data-element_type=\"widget\" data-widget_type=\"image.default\">\n\t\t\t\t<div class=\"elementor-widget-container\">\n\t\t\t\t\t\t\t\t\t\t\t\t\t\t\t<img decoding=\"async\" src=\"https:\/\/stiroton.com\/wp-content\/uploads\/2025\/02\/polistirolbeton.jpg\" title=\"\" alt=\"\" loading=\"lazy\" \/>\t\t\t\t\t\t\t\t\t\t\t\t\t\t\t<\/div>\n\t\t\t\t<\/div>\n\t\t\t\t<\/div>\n\t\t\t\t\t<\/div>\n\t\t\t\t<\/div>\n\t\t<div class=\"elementor-element elementor-element-e3cdbd7 e-flex e-con-boxed e-con e-parent\" data-id=\"e3cdbd7\" data-element_type=\"container\">\n\t\t\t\t\t<div class=\"e-con-inner\">\n\t\t\t\t<div class=\"elementor-element elementor-element-621e8ca elementor-widget elementor-widget-text-editor\" data-id=\"621e8ca\" data-element_type=\"widget\" data-widget_type=\"text-editor.default\">\n\t\t\t\t<div class=\"elementor-widget-container\">\n\t\t\t\t\t\t\t\t\t<h1 data-start=\"166\" data-end=\"217\"><span style=\"font-size: 20px;\">Gostota in zmogljivost:<\/span><\/h1><ul data-start=\"832\" data-end=\"1142\"><li data-start=\"832\" data-end=\"950\"><p data-start=\"834\" data-end=\"950\"><strong data-start=\"834\" data-end=\"845\">Gostota<\/strong>: od 200 do 1600 kg\/m\u00b3, z optimalnimi vrednostmi za konstrukcijsko uporabo med <strong data-start=\"930\" data-end=\"949\">550 \u2013 650 kg\/m\u00b3<\/strong>.<\/p><\/li><li data-start=\"951\" data-end=\"1057\"><p data-start=\"953\" data-end=\"1057\">Odli\u010dno <strong data-start=\"961\" data-end=\"989\">termomehanske lastnosti<\/strong> in visoka raven <strong data-start=\"1006\" data-end=\"1029\">po\u017earna odpornost<\/strong>, vlaga in biolo\u0161ki \u0161kodljivci.<\/p><\/li><li data-start=\"1058\" data-end=\"1142\"><p data-start=\"1060\" data-end=\"1142\"><strong data-start=\"1060\" data-end=\"1098\">Zelo nizka toplotna prevodnost<\/strong> \u2013 idealno za energetsko u\u010dinkovite stavbe.<\/p><\/li><\/ul><h3 data-start=\"1144\" data-end=\"1163\">Zakaj STIROTON?<\/h3><ul data-start=\"1165\" data-end=\"1630\"><li data-start=\"1165\" data-end=\"1238\"><p data-start=\"1167\" data-end=\"1238\">V kombinaciji z jeklenimi ko\u0161arami postaje <strong data-start=\"1209\" data-end=\"1237\">gradbeni material<\/strong>.<\/p><\/li><li data-start=\"1239\" data-end=\"1375\"><p data-start=\"1241\" data-end=\"1375\"><strong data-start=\"1241\" data-end=\"1263\">Po\u017earna odpornost<\/strong> \u2013 EPS kroglice v me\u0161anici pri visoki temperaturi tvorijo vakuumske mehur\u010dke, ki upo\u010dasnijo \u0161irjenje plamena.<\/p><\/li><li data-start=\"1376\" data-end=\"1450\"><p data-start=\"1378\" data-end=\"1450\"><strong data-start=\"1378\" data-end=\"1400\">Plavajo\u010de nepremi\u010dnine<\/strong> \u2013 se lahko uporablja za temelje in objekte na vodi.<\/p><\/li><li data-start=\"1451\" data-end=\"1509\"><p data-start=\"1453\" data-end=\"1509\"><strong data-start=\"1453\" data-end=\"1477\">Okolju prijazno<\/strong> \u2013 100 % mo\u017enost recikliranja.<\/p><\/li><li data-start=\"1510\" data-end=\"1548\"><p data-start=\"1512\" data-end=\"1548\"><strong data-start=\"1512\" data-end=\"1547\">Za\u0161\u010dita pred \u017eu\u017eelkami in glodavci<\/strong>.<\/p><\/li><li data-start=\"1549\" data-end=\"1630\"><p data-start=\"1551\" data-end=\"1630\"><strong data-start=\"1551\" data-end=\"1582\">Bistveno ni\u017eji skupni stro\u0161ki<\/strong> konstrukcija v primerjavi s tradicionalnimi sistemi.<\/p><\/li><\/ul>\t\t\t\t\t\t\t\t<\/div>\n\t\t\t\t<\/div>\n\t\t\t\t<div class=\"elementor-element elementor-element-50f6243 elementor-widget elementor-widget-image\" data-id=\"50f6243\" data-element_type=\"widget\" data-widget_type=\"image.default\">\n\t\t\t\t<div class=\"elementor-widget-container\">\n\t\t\t\t\t\t\t\t\t\t\t\t\t\t\t<img fetchpriority=\"high\" decoding=\"async\" width=\"1551\" height=\"896\" src=\"https:\/\/stiroton.com\/wp-content\/uploads\/2025\/06\/Postrojenje.png\" class=\"attachment-2048x2048 size-2048x2048 wp-image-842\" alt=\"\" srcset=\"https:\/\/stiroton.com\/wp-content\/uploads\/2025\/06\/Postrojenje.png 1551w, https:\/\/stiroton.com\/wp-content\/uploads\/2025\/06\/Postrojenje-300x173.png 300w, https:\/\/stiroton.com\/wp-content\/uploads\/2025\/06\/Postrojenje-1024x592.png 1024w, https:\/\/stiroton.com\/wp-content\/uploads\/2025\/06\/Postrojenje-768x444.png 768w, https:\/\/stiroton.com\/wp-content\/uploads\/2025\/06\/Postrojenje-1536x887.png 1536w, https:\/\/stiroton.com\/wp-content\/uploads\/2025\/06\/Postrojenje-18x10.png 18w, https:\/\/stiroton.com\/wp-content\/uploads\/2025\/06\/Postrojenje-624x360.png 624w\" sizes=\"(max-width: 1551px) 100vw, 1551px\" \/>\t\t\t\t\t\t\t\t\t\t\t\t\t\t\t<\/div>\n\t\t\t\t<\/div>\n\t\t\t\t\t<\/div>\n\t\t\t\t<\/div>\n\t\t\t\t<\/div>","protected":false},"excerpt":{"rendered":"<p>. STIROTON je napredni gra\u0111evinski materijal izra\u0111en kao mje\u0161avina granula ekspandiranog polistirena (EPS), cementa, pijeska, vode i posebnih aditiva. Zahvaljuju\u0107i optimiziranoj recepturi, ovaj lagani beton&hellip;<\/p>","protected":false},"author":1,"featured_media":0,"parent":0,"menu_order":18,"comment_status":"closed","ping_status":"closed","template":"elementor_theme","meta":{"footnotes":""},"class_list":["post-231","page","type-page","status-publish","hentry"],"acf":[],"_links":{"self":[{"href":"https:\/\/stiroton.com\/sl\/wp-json\/wp\/v2\/pages\/231","targetHints":{"allow":["GET"]}}],"collection":[{"href":"https:\/\/stiroton.com\/sl\/wp-json\/wp\/v2\/pages"}],"about":[{"href":"https:\/\/stiroton.com\/sl\/wp-json\/wp\/v2\/types\/page"}],"author":[{"embeddable":true,"href":"https:\/\/stiroton.com\/sl\/wp-json\/wp\/v2\/users\/1"}],"replies":[{"embeddable":true,"href":"https:\/\/stiroton.com\/sl\/wp-json\/wp\/v2\/comments?post=231"}],"version-history":[{"count":0,"href":"https:\/\/stiroton.com\/sl\/wp-json\/wp\/v2\/pages\/231\/revisions"}],"wp:attachment":[{"href":"https:\/\/stiroton.com\/sl\/wp-json\/wp\/v2\/media?parent=231"}],"curies":[{"name":"delovni list","href":"https:\/\/api.w.org\/{rel}","templated":true}]}}