{"id":539,"date":"2025-03-15T11:17:32","date_gmt":"2025-03-15T10:17:32","guid":{"rendered":"https:\/\/stiroton.com\/?page_id=539"},"modified":"2025-06-20T13:09:42","modified_gmt":"2025-06-20T11:09:42","slug":"proces","status":"publish","type":"page","link":"https:\/\/stiroton.com\/sl\/proces\/","title":{"rendered":"Proces"},"content":{"rendered":"<div data-elementor-type=\"wp-page\" data-elementor-id=\"539\" class=\"elementor elementor-539\" data-elementor-post-type=\"page\">\n\t\t\t\t<div class=\"elementor-element elementor-element-3df602b e-flex e-con-boxed e-con e-parent\" data-id=\"3df602b\" data-element_type=\"container\">\n\t\t\t\t\t<div class=\"e-con-inner\">\n\t\t\t\t<div class=\"elementor-element elementor-element-7cc3b2c elementor-widget elementor-widget-spacer\" data-id=\"7cc3b2c\" data-element_type=\"widget\" data-widget_type=\"spacer.default\">\n\t\t\t\t<div class=\"elementor-widget-container\">\n\t\t\t\t\t\t\t<div class=\"elementor-spacer\">\n\t\t\t<div class=\"elementor-spacer-inner\"><\/div>\n\t\t<\/div>\n\t\t\t\t\t\t<\/div>\n\t\t\t\t<\/div>\n\t\t\t\t<div class=\"elementor-element elementor-element-1f796a6 elementor-widget elementor-widget-heading\" data-id=\"1f796a6\" data-element_type=\"widget\" data-widget_type=\"heading.default\">\n\t\t\t\t<div class=\"elementor-widget-container\">\n\t\t\t\t\t<h2 class=\"elementor-heading-title elementor-size-default\">Postopek gradnje stavbe (rohbau)<\/h2>\t\t\t\t<\/div>\n\t\t\t\t<\/div>\n\t\t\t\t<div class=\"elementor-element elementor-element-fac39a0 elementor-widget elementor-widget-spacer\" data-id=\"fac39a0\" data-element_type=\"widget\" data-widget_type=\"spacer.default\">\n\t\t\t\t<div class=\"elementor-widget-container\">\n\t\t\t\t\t\t\t<div class=\"elementor-spacer\">\n\t\t\t<div class=\"elementor-spacer-inner\"><\/div>\n\t\t<\/div>\n\t\t\t\t\t\t<\/div>\n\t\t\t\t<\/div>\n\t\t\t\t<div class=\"elementor-element elementor-element-7f00315 elementor-widget elementor-widget-qi_addons_for_elementor_process\" data-id=\"7f00315\" data-element_type=\"widget\" data-widget_type=\"qi_addons_for_elementor_process.default\">\n\t\t\t\t<div class=\"elementor-widget-container\">\n\t\t\t\t\t<div class=\"qodef-shortcode qodef-m qodef-qi-process qodef-qi--has-appear qodef-qi-grid qodef-layout--qi-columns qodef-col-num--1 qodef-item-layout--vertical qodef-responsive--predefined\">\n\t<div class=\"qodef-grid-inner\">\n\t\t<div class=\"qodef-e qodef-process-item qodef-grid-item elementor-repeater-item-7e2d107\">\n\t<div class=\"qodef-e-inner\">\n\t\t<div class=\"qodef-e-content\">\n\t\t\t<div class=\"qodef-e-icon-holder\">\n\t<div class=\"qodef-e-icon\">\n\t\t\t\t\t<span class=\"qodef-e-item-icon-text\">\n\t\t\t\t1.\t\t\t<\/span>\n\t\t\t<\/div>\n\t<div class=\"qodef-e-line\">\n\t\t<div class=\"qodef-e-line-inner\"><\/div>\n\t<\/div>\n<\/div>\n\t\t\t<div class=\"qodef-e-text-wrapper\">\n\t\t\t\t\t<h5 class=\"qodef-e-title\">\n\t\tDelavni\u0161ke risbe\t<\/h5>\n\t\t\t\t\t<p class=\"qodef-e-text\">\n\t\tPostopek se za\u010dne z natan\u010dno pripravo projektne dokumentacije. Izdelajo se delavni\u0161ki na\u010drti, ki dolo\u010dajo geometrijo, polo\u017eaje armature, povezave in vse tehni\u010dne podrobnosti, potrebne za izdelavo jeklenih ko\u0161ar in vgradnjo STIROTON betona.\t<\/p>\n\t\t\t<\/div>\n\t\t<\/div>\n\t<\/div>\n<\/div>\n<div class=\"qodef-e qodef-process-item qodef-grid-item elementor-repeater-item-37fc6e6\">\n\t<div class=\"qodef-e-inner\">\n\t\t<div class=\"qodef-e-content\">\n\t\t\t<div class=\"qodef-e-icon-holder\">\n\t<div class=\"qodef-e-icon\">\n\t\t\t\t\t<span class=\"qodef-e-item-icon-text\">\n\t\t\t\t2.\t\t\t<\/span>\n\t\t\t<\/div>\n\t<div class=\"qodef-e-line\">\n\t\t<div class=\"qodef-e-line-inner\"><\/div>\n\t<\/div>\n<\/div>\n\t\t\t<div class=\"qodef-e-text-wrapper\">\n\t\t\t\t\t<h5 class=\"qodef-e-title\">\n\t\tIzdelovanje ko\u0161ar\t<\/h5>\n\t\t\t\t\t<p class=\"qodef-e-text\">\n\t\tNa podlagi na\u010drtov se pod nadzorovanimi pogoji izdelajo jeklene ko\u0161are - prostorski armiranobetonski okvirji, ki sestavljajo nosilno konstrukcijo stavbe. Ko\u0161are dolo\u010dajo volumen bodo\u010dih sten in omogo\u010dajo optimalno nosilnost ob minimalni te\u017ei konstrukcije.\t<\/p>\n\t\t\t<\/div>\n\t\t<\/div>\n\t<\/div>\n<\/div>\n<div class=\"qodef-e qodef-process-item qodef-grid-item elementor-repeater-item-668d265\">\n\t<div class=\"qodef-e-inner\">\n\t\t<div class=\"qodef-e-content\">\n\t\t\t<div class=\"qodef-e-icon-holder\">\n\t<div class=\"qodef-e-icon\">\n\t\t\t\t\t<span class=\"qodef-e-item-icon-text\">\n\t\t\t\t3.\t\t\t<\/span>\n\t\t\t<\/div>\n\t<div class=\"qodef-e-line\">\n\t\t<div class=\"qodef-e-line-inner\"><\/div>\n\t<\/div>\n<\/div>\n\t\t\t<div class=\"qodef-e-text-wrapper\">\n\t\t\t\t\t<h5 class=\"qodef-e-title\">\n\t\tVro\u010de cinkanje\t<\/h5>\n\t\t\t\t\t<p class=\"qodef-e-text\">\n\t\tVse ko\u0161are in oja\u010ditveni elementi so vro\u010de cinkani, kar zagotavlja njihovo dolgoro\u010dno odpornost proti koroziji, kar je \u0161e posebej pomembno na obmo\u010djih s pove\u010dano vla\u017enostjo ali agresivno atmosfero.\t<\/p>\n\t\t\t<\/div>\n\t\t<\/div>\n\t<\/div>\n<\/div>\n<div class=\"qodef-e qodef-process-item qodef-grid-item elementor-repeater-item-66cad2e\">\n\t<div class=\"qodef-e-inner\">\n\t\t<div class=\"qodef-e-content\">\n\t\t\t<div class=\"qodef-e-icon-holder\">\n\t<div class=\"qodef-e-icon\">\n\t\t\t\t\t<span class=\"qodef-e-item-icon-text\">\n\t\t\t\t4.\t\t\t<\/span>\n\t\t\t<\/div>\n\t<div class=\"qodef-e-line\">\n\t\t<div class=\"qodef-e-line-inner\"><\/div>\n\t<\/div>\n<\/div>\n\t\t\t<div class=\"qodef-e-text-wrapper\">\n\t\t\t\t\t<h5 class=\"qodef-e-title\">\n\t\tPrevoz in monta\u017ea\t<\/h5>\n\t\t\t\t\t<p class=\"qodef-e-text\">\n\t\tKon\u010dane pocinkane ko\u0161are se prepeljejo na gradbi\u0161\u010de in montirajo na pripravljene temelje. Zahvaljujo\u010d monta\u017ei in modularnosti je monta\u017ea hitra in natan\u010dna, z minimalnim delom na gradbi\u0161\u010du.\t<\/p>\n\t\t\t<\/div>\n\t\t<\/div>\n\t<\/div>\n<\/div>\n<div class=\"qodef-e qodef-process-item qodef-grid-item elementor-repeater-item-21c7216\">\n\t<div class=\"qodef-e-inner\">\n\t\t<div class=\"qodef-e-content\">\n\t\t\t<div class=\"qodef-e-icon-holder\">\n\t<div class=\"qodef-e-icon\">\n\t\t\t\t\t<span class=\"qodef-e-item-icon-text\">\n\t\t\t\t5.\t\t\t<\/span>\n\t\t\t<\/div>\n\t<div class=\"qodef-e-line\">\n\t\t<div class=\"qodef-e-line-inner\"><\/div>\n\t<\/div>\n<\/div>\n\t\t\t<div class=\"qodef-e-text-wrapper\">\n\t\t\t\t\t<h5 class=\"qodef-e-title\">\n\t\tMonta\u017ea STIROTONA\t<\/h5>\n\t\t\t\t\t<p class=\"qodef-e-text\">\n\t\tV postavljene ko\u0161are se vlije beton STIROTON \u2013 ultralahek EPS beton, ki zapolni konstrukcijo, obda armaturo in po strjevanju postane trdna, izolacijska in nosilna masa. Ulivanje se izvede z mobilno napravo neposredno na gradbi\u0161\u010du.\t<\/p>\n\t\t\t<\/div>\n\t\t<\/div>\n\t<\/div>\n<\/div>\n<div class=\"qodef-e qodef-process-item qodef-grid-item elementor-repeater-item-31e2080\">\n\t<div class=\"qodef-e-inner\">\n\t\t<div class=\"qodef-e-content\">\n\t\t\t<div class=\"qodef-e-icon-holder\">\n\t<div class=\"qodef-e-icon\">\n\t\t\t\t\t<span class=\"qodef-e-item-icon-text\">\n\t\t\t\t6.\t\t\t<\/span>\n\t\t\t<\/div>\n\t<div class=\"qodef-e-line\">\n\t\t<div class=\"qodef-e-line-inner\"><\/div>\n\t<\/div>\n<\/div>\n\t\t\t<div class=\"qodef-e-text-wrapper\">\n\t\t\t\t\t<h5 class=\"qodef-e-title\">\n\t\tProtipotresne oja\u010ditve\t<\/h5>\n\t\t\t\t\t<p class=\"qodef-e-text\">\n\t\tPo potrebi se dodajo dodatne potresne oja\u010ditve, kot so FRCM mre\u017ee (vlaknati kompoziti na mineralni osnovi), kar \u0161e pove\u010da odpornost konstrukcije na horizontalne obremenitve in potrese.\t<\/p>\n\t\t\t<\/div>\n\t\t<\/div>\n\t<\/div>\n<\/div>\n<div class=\"qodef-e qodef-process-item qodef-grid-item elementor-repeater-item-a0037c7\">\n\t<div class=\"qodef-e-inner\">\n\t\t<div class=\"qodef-e-content\">\n\t\t\t<div class=\"qodef-e-icon-holder\">\n\t<div class=\"qodef-e-icon\">\n\t\t\t\t\t<span class=\"qodef-e-item-icon-text\">\n\t\t\t\t7.\t\t\t<\/span>\n\t\t\t<\/div>\n\t<div class=\"qodef-e-line\">\n\t\t<div class=\"qodef-e-line-inner\"><\/div>\n\t<\/div>\n<\/div>\n\t\t\t<div class=\"qodef-e-text-wrapper\">\n\t\t\t\t\t<h5 class=\"qodef-e-title\">\n\t\tHidro groba plast\t<\/h5>\n\t\t\t\t\t<p class=\"qodef-e-text\">\n\t\tPo strjevanju STIROTONA se nanese groba hidroizolacijska plast, ki \u0161\u010diti objekt pred prodiranjem vlage in zagotavlja trajnost, zlasti na delih, ki so v stiku s tlemi ali zunanjimi vplivi.\t<\/p>\n\t\t\t<\/div>\n\t\t<\/div>\n\t<\/div>\n<\/div>\n<div class=\"qodef-e qodef-process-item qodef-grid-item elementor-repeater-item-be89683\">\n\t<div class=\"qodef-e-inner\">\n\t\t<div class=\"qodef-e-content\">\n\t\t\t<div class=\"qodef-e-icon-holder\">\n\t<div class=\"qodef-e-icon\">\n\t\t\t\t\t<span class=\"qodef-e-item-icon-text\">\n\t\t\t\t8.\t\t\t<\/span>\n\t\t\t<\/div>\n\t<div class=\"qodef-e-line\">\n\t\t<div class=\"qodef-e-line-inner\"><\/div>\n\t<\/div>\n<\/div>\n\t\t\t<div class=\"qodef-e-text-wrapper\">\n\t\t\t\t\t<h5 class=\"qodef-e-title\">\n\t\tKon\u010dna obdelava\t<\/h5>\n\t\t\t\t\t<p class=\"qodef-e-text\">\n\t\tZaklju\u010dna faza vklju\u010duje fine sloje fasade, notranje obloge, barve, ometa ali drugih materialov, odvisno od namena in zasnove stavbe. Zahvaljujo\u010d gladki povr\u0161ini STIROTONA je zaklju\u010dna obdelava preprosta in zahteva minimalne popravke.\t<\/p>\n\t\t\t<\/div>\n\t\t<\/div>\n\t<\/div>\n<\/div>\n\t<\/div>\n<\/div>\n\t\t\t\t<\/div>\n\t\t\t\t<\/div>\n\t\t\t\t<div class=\"elementor-element elementor-element-e6fe7e4 elementor-widget elementor-widget-spacer\" data-id=\"e6fe7e4\" data-element_type=\"widget\" data-widget_type=\"spacer.default\">\n\t\t\t\t<div class=\"elementor-widget-container\">\n\t\t\t\t\t\t\t<div class=\"elementor-spacer\">\n\t\t\t<div class=\"elementor-spacer-inner\"><\/div>\n\t\t<\/div>\n\t\t\t\t\t\t<\/div>\n\t\t\t\t<\/div>\n\t\t\t\t\t<\/div>\n\t\t\t\t<\/div>\n\t\t\t\t<\/div>","protected":false},"excerpt":{"rendered":"<p>Proces izrade gra\u0111evinskih (rohbau) objekata 1. Radioni\u010dki nacrti Proces zapo\u010dinje preciznom pripremom projektne dokumentacije. Izra\u0111uju se radioni\u010dki nacrti koji definiraju geometriju, pozicije armature, spojeve i&hellip;<\/p>","protected":false},"author":1,"featured_media":0,"parent":0,"menu_order":3,"comment_status":"closed","ping_status":"closed","template":"elementor_header_footer","meta":{"footnotes":""},"class_list":["post-539","page","type-page","status-publish","hentry"],"acf":[],"_links":{"self":[{"href":"https:\/\/stiroton.com\/sl\/wp-json\/wp\/v2\/pages\/539","targetHints":{"allow":["GET"]}}],"collection":[{"href":"https:\/\/stiroton.com\/sl\/wp-json\/wp\/v2\/pages"}],"about":[{"href":"https:\/\/stiroton.com\/sl\/wp-json\/wp\/v2\/types\/page"}],"author":[{"embeddable":true,"href":"https:\/\/stiroton.com\/sl\/wp-json\/wp\/v2\/users\/1"}],"replies":[{"embeddable":true,"href":"https:\/\/stiroton.com\/sl\/wp-json\/wp\/v2\/comments?post=539"}],"version-history":[{"count":0,"href":"https:\/\/stiroton.com\/sl\/wp-json\/wp\/v2\/pages\/539\/revisions"}],"wp:attachment":[{"href":"https:\/\/stiroton.com\/sl\/wp-json\/wp\/v2\/media?parent=539"}],"curies":[{"name":"delovni list","href":"https:\/\/api.w.org\/{rel}","templated":true}]}}